{"id":14,"date":"2023-11-02T05:21:54","date_gmt":"2023-11-02T02:21:54","guid":{"rendered":"http:\/\/pulsar.webbi.top\/my-account\/"},"modified":"2024-05-14T11:03:55","modified_gmt":"2024-05-14T09:03:55","slug":"my-account","status":"publish","type":"page","link":"https:\/\/pulsar-deluxe.de\/?page_id=14","title":{"rendered":"Mein Account"},"content":{"rendered":"<div class=\"woocommerce\">\t\t\t<link rel=\"stylesheet\" id=\"wd-woo-mod-login-form-css\" href=\"https:\/\/pulsar-deluxe.de\/wp-content\/themes\/woodmart\/css\/parts\/woo-mod-login-form.min.css?ver=7.3.2\" type=\"text\/css\" media=\"all\" \/> \t\t\t\t\t\t<link rel=\"stylesheet\" id=\"wd-woo-page-login-register-css\" href=\"https:\/\/pulsar-deluxe.de\/wp-content\/themes\/woodmart\/css\/parts\/woo-page-login-register.min.css?ver=7.3.2\" type=\"text\/css\" media=\"all\" \/> \t\t\t<div class=\"woocommerce-notices-wrapper\"><\/div>\n<div class=\"wd-registration-page wd-register-tabs\">\n\n\n<div class=\"row\" id=\"customer_login\">\n\n\t<div class=\"col-12 col-md-6 col-login\">\n\n\n\t\t<h2 class=\"wd-login-title\">Anmelden<\/h2>\n\n\t\t\t\t\t<form method=\"post\" class=\"login woocommerce-form woocommerce-form-login\n\t\t\t\t\t\t\" action=\"https:\/\/pulsar-deluxe.de\/?page_id=14&#038;action=login\" \t\t\t>\n\n\t\t\t\t\n\t\t\t\t\n\t\t\t\t<p class=\"woocommerce-FormRow woocommerce-FormRow--wide form-row form-row-wide form-row-username\">\n\t\t\t\t\t<label for=\"username\">Benutzername oder E-Mail-Adresse&nbsp;<span class=\"required\">*<\/span><\/label>\n\t\t\t\t\t<input type=\"text\" class=\"woocommerce-Input woocommerce-Input--text input-text\" name=\"username\" id=\"username\" value=\"\" \/>\t\t\t\t<\/p>\n\t\t\t\t<p class=\"woocommerce-FormRow woocommerce-FormRow--wide form-row form-row-wide form-row-password\">\n\t\t\t\t\t<label for=\"password\">Passwort&nbsp;<span class=\"required\">*<\/span><\/label>\n\t\t\t\t\t<input class=\"woocommerce-Input woocommerce-Input--text input-text\" type=\"password\" name=\"password\" id=\"password\" autocomplete=\"current-password\" \/>\n\t\t\t\t<\/p>\n\n\t\t\t\t\n\t\t\t\t<p class=\"form-row\">\n\t\t\t\t\t<input type=\"hidden\" id=\"woocommerce-login-nonce\" name=\"woocommerce-login-nonce\" value=\"72793806ba\" \/><input type=\"hidden\" name=\"_wp_http_referer\" value=\"\/index.php?rest_route=%2Fwp%2Fv2%2Fpages%2F14\" \/>\t\t\t\t\t\t\t\t\t\t<button type=\"submit\" class=\"button woocommerce-button woocommerce-form-login__submit\" name=\"login\" value=\"Log in\">Log in<\/button>\n\t\t\t\t<\/p>\n\n\t\t\t\t<p class=\"login-form-footer\">\n\t\t\t\t\t<a href=\"https:\/\/pulsar-deluxe.de\/?page_id=14&#038;lost-password\" class=\"woocommerce-LostPassword lost_password\">Passwort vergessen?<\/a>\n\t\t\t\t\t<label class=\"woocommerce-form__label woocommerce-form__label-for-checkbox woocommerce-form-login__rememberme\">\n\t\t\t\t\t\t<input class=\"woocommerce-form__input woocommerce-form__input-checkbox\" name=\"rememberme\" type=\"checkbox\" value=\"forever\" title=\"Erinnere dich an mich\" aria-label=\"Erinnere dich an mich\" \/> <span>Erinnere dich an mich<\/span>\n\t\t\t\t\t<\/label>\n\t\t\t\t<\/p>\n\n\t\t\t\t\n\t\t\t\t\t\t\t<\/form>\n\n\t\t\t\t\n\n\t<\/div>\n\n\t<div class=\"col-12 col-md-6 col-register\">\n\n\t\t<h2 class=\"wd-login-title\">Registrieren<\/h2>\n\n\t\t<form method=\"post\" action=\"https:\/\/pulsar-deluxe.de\/?page_id=14&#038;action=register\" class=\"woocommerce-form woocommerce-form-register register\"  >\n\n\t\t\t\n\t\t\t\n\t\t\t<p class=\"woocommerce-FormRow woocommerce-FormRow--wide form-row form-row-wide\">\n\t\t\t\t<label for=\"reg_email\">E-Mail-Adresse&nbsp;<span class=\"required\">*<\/span><\/label>\n\t\t\t\t<input type=\"email\" class=\"woocommerce-Input woocommerce-Input--text input-text\" name=\"email\" id=\"reg_email\" autocomplete=\"email\" value=\"\" \/>\n\t\t\t<\/p>\n\n\t\t\t\n\t\t\t\t<p>Ein Link zum Erstellen eines neuen Passwort wird an deine E-Mail-Adresse gesendet.<\/p>\n\n\t\t\t\n\t\t\t<!-- Spam Trap -->\n\t\t\t<div style=\"left: -999em; position: absolute;\"><label for=\"trap\">Anti-spam<\/label><input type=\"text\" name=\"email_2\" id=\"trap\" tabindex=\"-1\" \/><\/div>\n\n\t\t\t<wc-order-attribution-inputs><\/wc-order-attribution-inputs><div class=\"woocommerce-privacy-policy-text\"><p>Ihre pers\u00f6nlichen Daten werden verwendet, um Ihre k\u00fcnftige Interaktion mit der Website zu erleichtern, den Zugang zu Ihrem Konto zu verwalten und f\u00fcr die anderen in diesem Dokument beschriebenen Zwecke <a href=\"https:\/\/pulsar-deluxe.de\/?rcb-banner-link=privacy-policy\" class=\"woocommerce-privacy-policy-link\" target=\"_blank\">Datenschutzerkl\u00e4rung<\/a>.<\/p>\n<\/div>\t\t\t\n\t\t\t<p class=\"woocommerce-form-row form-row\">\n\t\t\t\t<input type=\"hidden\" id=\"_wpnonce\" name=\"_wpnonce\" value=\"d5cbb98cb9\" \/><input type=\"hidden\" name=\"_wp_http_referer\" value=\"\/index.php?rest_route=%2Fwp%2Fv2%2Fpages%2F14\" \/>\t\t\t\t<button type=\"submit\" class=\"woocommerce-Button button\" name=\"register\" value=\"Registrieren\">Registrieren<\/button>\n\t\t\t<\/p>\n\n\t\t\t\n\t\t<\/form>\n\n\t<\/div>\n\n\t\t\t<div class=\"col-12 col-md-6 col-register-text\">\n\n\t\t\t<p class=\"title wd-login-divider \"><span>Oder<\/span><\/p>\n\n\t\t\t\n\t\t\t\t\t\t\t<h2 class=\"wd-login-title\">Registrieren<\/h2>\n\t\t\t\n\t\t\t\n\t\t\t\t\t\t\t<div class=\"registration-info\">Durch die Registrierung auf dieser Website k\u00f6nnen Sie auf Ihren Bestellstatus und Ihre Historie zugreifen. F\u00fcllen Sie einfach die folgenden Felder aus und wir richten in k\u00fcrzester Zeit ein neues Konto f\u00fcr Sie ein. Wir werden Sie nur nach Informationen fragen, die notwendig sind, um den Kaufvorgang schneller und einfacher zu gestalten.<\/div>\n\t\t\t\n\t\t\t\n\t\t\t<a href=\"#\" rel=\"nofollow noopener\" class=\"btn wd-switch-to-register\" data-login=\"Anmelden\" data-login-title=\"Login\" data-reg-title=\"Registrieren\" data-register=\"Registrieren\">Registrieren<\/a>\n\n\t\t<\/div>\n\t\t\n<\/div>\n\n<\/div>\n\n<\/div>","protected":false},"excerpt":{"rendered":"","protected":false},"author":1,"featured_media":0,"parent":0,"menu_order":0,"comment_status":"closed","ping_status":"closed","template":"","meta":{"om_disable_all_campaigns":false,"_monsterinsights_skip_tracking":false,"_monsterinsights_sitenote_active":false,"_monsterinsights_sitenote_note":"","_monsterinsights_sitenote_category":0,"footnotes":""},"class_list":["post-14","page","type-page","status-publish","hentry"],"aioseo_notices":[],"_links":{"self":[{"href":"https:\/\/pulsar-deluxe.de\/index.php?rest_route=\/wp\/v2\/pages\/14","targetHints":{"allow":["GET"]}}],"collection":[{"href":"https:\/\/pulsar-deluxe.de\/index.php?rest_route=\/wp\/v2\/pages"}],"about":[{"href":"https:\/\/pulsar-deluxe.de\/index.php?rest_route=\/wp\/v2\/types\/page"}],"author":[{"embeddable":true,"href":"https:\/\/pulsar-deluxe.de\/index.php?rest_route=\/wp\/v2\/users\/1"}],"replies":[{"embeddable":true,"href":"https:\/\/pulsar-deluxe.de\/index.php?rest_route=%2Fwp%2Fv2%2Fcomments&post=14"}],"version-history":[{"count":1,"href":"https:\/\/pulsar-deluxe.de\/index.php?rest_route=\/wp\/v2\/pages\/14\/revisions"}],"predecessor-version":[{"id":3867,"href":"https:\/\/pulsar-deluxe.de\/index.php?rest_route=\/wp\/v2\/pages\/14\/revisions\/3867"}],"wp:attachment":[{"href":"https:\/\/pulsar-deluxe.de\/index.php?rest_route=%2Fwp%2Fv2%2Fmedia&parent=14"}],"curies":[{"name":"wp","href":"https:\/\/api.w.org\/{rel}","templated":true}]}}