{"id":2,"date":"2023-11-02T05:17:16","date_gmt":"2023-11-02T02:17:16","guid":{"rendered":"http:\/\/pulsar.webbi.top\/?page_id=2"},"modified":"2024-07-05T15:58:41","modified_gmt":"2024-07-05T13:58:41","slug":"sample-page","status":"publish","type":"page","link":"https:\/\/pulsar-deluxe.de\/?page_id=2","title":{"rendered":"\u00dcber uns"},"content":{"rendered":"\t\t<div data-elementor-type=\"wp-page\" data-elementor-id=\"2\" class=\"elementor elementor-2\" data-elementor-post-type=\"page\">\n\t\t\t\t<div class=\"wd-negative-gap elementor-element elementor-element-51a2935 e-flex e-con-boxed wd-section-disabled e-con e-parent\" data-id=\"51a2935\" data-element_type=\"container\" data-settings=\"{&quot;content_width&quot;:&quot;boxed&quot;}\" data-core-v316-plus=\"true\">\n\t\t\t\t\t<div class=\"e-con-inner\">\n\t\t\t\t<div class=\"elementor-element elementor-element-b5eb95c elementor-widget elementor-widget-wd_text_block\" data-id=\"b5eb95c\" data-element_type=\"widget\" data-widget_type=\"wd_text_block.default\">\n\t\t\t\t<div class=\"elementor-widget-container\">\n\t\t\t\t\t\t<link rel=\"stylesheet\" id=\"wd-text-block-css\" href=\"https:\/\/pulsar-deluxe.de\/wp-content\/themes\/woodmart\/css\/parts\/el-text-block.min.css?ver=7.3.2\" type=\"text\/css\" media=\"all\" \/> \t\t\t\t\t<div class=\"wd-text-block reset-last-child text-left\">\n\t\t\t\n\t\t\t<h2 class=\"p1\">Erfahren Sie mehr \u00fcber uns.<\/h2><p class=\"p1\">Die Geschichte von PULSAR begann 2010 in Deutschland mit der Idee, Kunden eine Reihe von Steckdosen und Schaltern anzubieten, die hohe Qualit\u00e4t und stilvolle \u00c4sthetik vereinen. Unser Ziel war es, qualitativ hochwertige, stilvolle PULSAR-L\u00f6sungen anzubieten, die \u00fcber das N\u00fctzliche hinausgehen und zu wesentlichen Elementen des modernen Lebens werden. Das Herzst\u00fcck des Unternehmens ist die Sicherheit und die Leidenschaft, eine Umgebung zu schaffen, die Komfort und Raffinesse nahtlos miteinander verbindet.<\/p><p class=\"p1\">Unsere Steckdosen sind so konzipiert, dass sie eine sichere elektrische Umgebung bieten.<\/p><p class=\"p1\">PULSAR-Steckdosen sind so konzipiert, dass sie ein sicheres elektrisches Umfeld bieten und den Sicherheitsstandards entsprechen. Unsere Steckdosen werden aus Glas, Metall und flammhemmenden Kunststoffen hergestellt. Diese Materialien werden aufgrund ihrer F\u00e4higkeit ausgew\u00e4hlt, hohen Temperaturen zu widerstehen, ohne die Sicherheit zu beeintr\u00e4chtigen. Die Verwendung von feuerfesten Materialien tr\u00e4gt zur allgemeinen Brandsicherheit Ihrer elektrischen Infrastruktur bei. PULSAR-Steckdosen sind mit einer Kindersicherung ausgestattet, die zus\u00e4tzlichen Schutz vor neugierigen kleinen H\u00e4nden bietet. Das kindersichere Design minimiert das Risiko von Elektrounf\u00e4llen und gibt Eltern ein beruhigendes Gef\u00fchl.<\/p><p class=\"p1\">Die Verwendung von glasgerahmten Steckdosen und Schaltern sorgt nicht nur f\u00fcr Sicherheit, sondern verleiht den W\u00e4nden auch ein elegantes und modernes Aussehen. Die lichtdurchl\u00e4ssige Beschaffenheit von Glas schafft eine elegante und zeitlose \u00c4sthetik, die sich nahtlos in eine Vielzahl von Einrichtungsstilen einf\u00fcgt. Das moderne Hartglas, das f\u00fcr die Steckdosen verwendet wird, ist langlebig und kratzfest. Es widersteht der t\u00e4glichen Beanspruchung und bleibt so \u00fcber einen langen Zeitraum optisch ansprechend.<\/p><p class=\"p1\">Die Glasoberfl\u00e4chen sind durch einfaches Abwischen leicht zu reinigen und bleiben ohne gro\u00dfen Aufwand makellos.<\/p><p class=\"p1\">Verbessern Sie die \u00c4sthetik und Funktionalit\u00e4t Ihrer Wohnr\u00e4ume durch die Verwendung von Steckdosen und Schalter mit Glasrahmen. Wenn Sie Wert auf Eleganz und Langlebigkeit legen, bieten diese Materialien die perfekte Kombination aus Stil und Qualit\u00e4t f\u00fcr Ihre elektrische Infrastruktur.<\/p>\n\t\t\t\t\t<\/div>\n\t\t\t\t<\/div>\n\t\t\t\t<\/div>\n\t\t\t\t\t<\/div>\n\t\t\t\t<\/div>\n\t\t\t\t<\/div>\n\t\t","protected":false},"excerpt":{"rendered":"<p>Erfahren Sie mehr \u00fcber uns. Die Geschichte von PULSAR begann 2010 in Deutschland mit der Idee, Kunden eine Reihe von<\/p>\n","protected":false},"author":1,"featured_media":0,"parent":0,"menu_order":0,"comment_status":"closed","ping_status":"open","template":"","meta":{"om_disable_all_campaigns":false,"_monsterinsights_skip_tracking":false,"_monsterinsights_sitenote_active":false,"_monsterinsights_sitenote_note":"","_monsterinsights_sitenote_category":0,"footnotes":""},"class_list":["post-2","page","type-page","status-publish","hentry"],"aioseo_notices":[],"_links":{"self":[{"href":"https:\/\/pulsar-deluxe.de\/index.php?rest_route=\/wp\/v2\/pages\/2","targetHints":{"allow":["GET"]}}],"collection":[{"href":"https:\/\/pulsar-deluxe.de\/index.php?rest_route=\/wp\/v2\/pages"}],"about":[{"href":"https:\/\/pulsar-deluxe.de\/index.php?rest_route=\/wp\/v2\/types\/page"}],"author":[{"embeddable":true,"href":"https:\/\/pulsar-deluxe.de\/index.php?rest_route=\/wp\/v2\/users\/1"}],"replies":[{"embeddable":true,"href":"https:\/\/pulsar-deluxe.de\/index.php?rest_route=%2Fwp%2Fv2%2Fcomments&post=2"}],"version-history":[{"count":4,"href":"https:\/\/pulsar-deluxe.de\/index.php?rest_route=\/wp\/v2\/pages\/2\/revisions"}],"predecessor-version":[{"id":3902,"href":"https:\/\/pulsar-deluxe.de\/index.php?rest_route=\/wp\/v2\/pages\/2\/revisions\/3902"}],"wp:attachment":[{"href":"https:\/\/pulsar-deluxe.de\/index.php?rest_route=%2Fwp%2Fv2%2Fmedia&parent=2"}],"curies":[{"name":"wp","href":"https:\/\/api.w.org\/{rel}","templated":true}]}}