{"id":1829,"date":"2024-01-09T10:52:27","date_gmt":"2024-01-09T07:52:27","guid":{"rendered":"https:\/\/pulsar-deluxe.de\/?product=steckdose-inkl-glasrahmen"},"modified":"2025-04-14T13:35:44","modified_gmt":"2025-04-14T11:35:44","slug":"steckdose-inkl-glasrahmen","status":"publish","type":"product","link":"https:\/\/pulsar-deluxe.de\/?product=steckdose-inkl-glasrahmen","title":{"rendered":"Unterputz Steckdose 1-Fach  mit Glasrahmen"},"content":{"rendered":"<p><strong>Qualit\u00e4t und Zuverl\u00e4ssigkeit<\/strong> \u2013 Die Steckdose ist aus hochwertigen Materialien gefertigt: Glas, Metall, feuerfester Kunststoff.<\/p>\n<p><strong style=\"font-style: inherit;\">Kindersicherung<\/strong>\u00a0\u2013 Die Steckdose ist mit einer eingebauten Kindersicherung ausgestattet, die ein versehentliches Ber\u00fchren verhindert und ein zus\u00e4tzliches Ma\u00df an Sicherheit bietet.<\/p>\n<p><strong style=\"font-style: inherit;\">Einfach zu bedienen<\/strong> \u2013 Unsere Steckdosen sind schnell und einfach zu installieren. Die Steckdose kann sowohl senkrecht als auch waagerecht montiert werden.<\/p>\n<p><strong style=\"font-style: inherit;\">Design<\/strong> \u2013 Unsere Steckdose Glas ist eine Kombination aus \u00c4sthetik, Funktionalit\u00e4t und Sicherheit.<\/p>\n","protected":false},"excerpt":{"rendered":"<p>Qualit\u00e4t und Zuverl\u00e4ssigkeit \u2013 Die Steckdose ist aus hochwertigen Materialien gefertigt: Glas, Metall, feuerfester Kunststoff. Kindersicherung\u00a0\u2013 Die Steckdose ist mit<\/p>\n","protected":false},"featured_media":2594,"comment_status":"open","ping_status":"closed","template":"","meta":{"om_disable_all_campaigns":false,"_monsterinsights_skip_tracking":false,"_monsterinsights_sitenote_active":false,"_monsterinsights_sitenote_note":"","_monsterinsights_sitenote_category":0},"product_brand":[],"product_cat":[72],"product_tag":[158,176],"class_list":{"0":"post-1829","1":"product","2":"type-product","3":"status-publish","4":"has-post-thumbnail","6":"product_cat-steckdosen","7":"product_tag-schwarz","8":"product_tag-steckdosen","9":"pa_color-grau","10":"pa_color-schwarz","11":"pa_color-weis","13":"first","14":"outofstock","15":"shipping-taxable","16":"purchasable","17":"product-type-variable","18":"has-default-attributes","19":"wvs-archive-product-wrapper"},"aioseo_notices":[],"_links":{"self":[{"href":"https:\/\/pulsar-deluxe.de\/index.php?rest_route=\/wp\/v2\/product\/1829","targetHints":{"allow":["GET"]}}],"collection":[{"href":"https:\/\/pulsar-deluxe.de\/index.php?rest_route=\/wp\/v2\/product"}],"about":[{"href":"https:\/\/pulsar-deluxe.de\/index.php?rest_route=\/wp\/v2\/types\/product"}],"replies":[{"embeddable":true,"href":"https:\/\/pulsar-deluxe.de\/index.php?rest_route=%2Fwp%2Fv2%2Fcomments&post=1829"}],"version-history":[{"count":9,"href":"https:\/\/pulsar-deluxe.de\/index.php?rest_route=\/wp\/v2\/product\/1829\/revisions"}],"predecessor-version":[{"id":3846,"href":"https:\/\/pulsar-deluxe.de\/index.php?rest_route=\/wp\/v2\/product\/1829\/revisions\/3846"}],"wp:featuredmedia":[{"embeddable":true,"href":"https:\/\/pulsar-deluxe.de\/index.php?rest_route=\/wp\/v2\/media\/2594"}],"wp:attachment":[{"href":"https:\/\/pulsar-deluxe.de\/index.php?rest_route=%2Fwp%2Fv2%2Fmedia&parent=1829"}],"wp:term":[{"taxonomy":"product_brand","embeddable":true,"href":"https:\/\/pulsar-deluxe.de\/index.php?rest_route=%2Fwp%2Fv2%2Fproduct_brand&post=1829"},{"taxonomy":"product_cat","embeddable":true,"href":"https:\/\/pulsar-deluxe.de\/index.php?rest_route=%2Fwp%2Fv2%2Fproduct_cat&post=1829"},{"taxonomy":"product_tag","embeddable":true,"href":"https:\/\/pulsar-deluxe.de\/index.php?rest_route=%2Fwp%2Fv2%2Fproduct_tag&post=1829"}],"curies":[{"name":"wp","href":"https:\/\/api.w.org\/{rel}","templated":true}]}}