{"id":1833,"date":"2024-01-09T10:52:29","date_gmt":"2024-01-09T07:52:29","guid":{"rendered":"https:\/\/pulsar-deluxe.de\/?product=steckdose-inkl-glasrahmen-5"},"modified":"2025-04-14T13:35:43","modified_gmt":"2025-04-14T11:35:43","slug":"steckdose-inkl-glasrahmen-5","status":"publish","type":"product","link":"https:\/\/pulsar-deluxe.de\/?product=steckdose-inkl-glasrahmen-5","title":{"rendered":"Unterputz Steckdose 5-Fach mit Glasrahmen"},"content":{"rendered":"<p><strong>Qualit\u00e4t und Zuverl\u00e4ssigkeit<\/strong>\u00a0\u2013 Die Steckdose ist aus hochwertigen Materialien gefertigt: Glas, Metall, feuerfester Kunststoff. Sie k\u00f6nnen sicher sein, dass unsere Steckdosen mit Glasrahmen Ihnen viele Jahre lang dienen werden.<\/p>\n<p><strong style=\"font-style: inherit;\">Kindersicherung<\/strong>\u00a0\u2013 Die Steckdose ist mit einer eingebauten Kindersicherung ausgestattet, die ein versehentliches Ber\u00fchren verhindert und ein zus\u00e4tzliches Ma\u00df an Sicherheit bietet.<\/p>\n<p><strong style=\"font-style: inherit;\">Einfach zu bedienen<\/strong>\u00a0\u2013 Unsere Steckdosen sind schnell und einfach zu installieren. Die Steckdosen sind mit einer Standard 60mm Steckdose kompatibel. Die Steckdose kann sowohl senkrecht als auch waagerecht montiert werden.<\/p>\n<p><strong style=\"font-style: inherit;\">Design<\/strong>\u00a0\u2013 Unsere Steckdose Glas ist eine Kombination aus \u00c4sthetik, Funktionalit\u00e4t und Sicherheit. Ihr elegantes Design macht sie zu einer attraktiven L\u00f6sung f\u00fcr jedes Interieur.<\/p>\n","protected":false},"excerpt":{"rendered":"<p>Qualit\u00e4t und Zuverl\u00e4ssigkeit\u00a0\u2013 Die Steckdose ist aus hochwertigen Materialien gefertigt: Glas, Metall, feuerfester Kunststoff. Sie k\u00f6nnen sicher sein, dass unsere<\/p>\n","protected":false},"featured_media":3455,"comment_status":"open","ping_status":"closed","template":"","meta":{"om_disable_all_campaigns":false,"_monsterinsights_skip_tracking":false,"_monsterinsights_sitenote_active":false,"_monsterinsights_sitenote_note":"","_monsterinsights_sitenote_category":0},"product_brand":[],"product_cat":[72],"product_tag":[176],"class_list":{"0":"post-1833","1":"product","2":"type-product","3":"status-publish","4":"has-post-thumbnail","6":"product_cat-steckdosen","7":"product_tag-steckdosen","8":"pa_color-grau","9":"pa_color-schwarz","10":"pa_color-weis","12":"first","13":"outofstock","14":"shipping-taxable","15":"product-type-variable","16":"wvs-archive-product-wrapper"},"aioseo_notices":[],"_links":{"self":[{"href":"https:\/\/pulsar-deluxe.de\/index.php?rest_route=\/wp\/v2\/product\/1833","targetHints":{"allow":["GET"]}}],"collection":[{"href":"https:\/\/pulsar-deluxe.de\/index.php?rest_route=\/wp\/v2\/product"}],"about":[{"href":"https:\/\/pulsar-deluxe.de\/index.php?rest_route=\/wp\/v2\/types\/product"}],"replies":[{"embeddable":true,"href":"https:\/\/pulsar-deluxe.de\/index.php?rest_route=%2Fwp%2Fv2%2Fcomments&post=1833"}],"version-history":[{"count":8,"href":"https:\/\/pulsar-deluxe.de\/index.php?rest_route=\/wp\/v2\/product\/1833\/revisions"}],"predecessor-version":[{"id":5631,"href":"https:\/\/pulsar-deluxe.de\/index.php?rest_route=\/wp\/v2\/product\/1833\/revisions\/5631"}],"wp:featuredmedia":[{"embeddable":true,"href":"https:\/\/pulsar-deluxe.de\/index.php?rest_route=\/wp\/v2\/media\/3455"}],"wp:attachment":[{"href":"https:\/\/pulsar-deluxe.de\/index.php?rest_route=%2Fwp%2Fv2%2Fmedia&parent=1833"}],"wp:term":[{"taxonomy":"product_brand","embeddable":true,"href":"https:\/\/pulsar-deluxe.de\/index.php?rest_route=%2Fwp%2Fv2%2Fproduct_brand&post=1833"},{"taxonomy":"product_cat","embeddable":true,"href":"https:\/\/pulsar-deluxe.de\/index.php?rest_route=%2Fwp%2Fv2%2Fproduct_cat&post=1833"},{"taxonomy":"product_tag","embeddable":true,"href":"https:\/\/pulsar-deluxe.de\/index.php?rest_route=%2Fwp%2Fv2%2Fproduct_tag&post=1833"}],"curies":[{"name":"wp","href":"https:\/\/api.w.org\/{rel}","templated":true}]}}