{"id":1839,"date":"2024-01-09T10:52:32","date_gmt":"2024-01-09T07:52:32","guid":{"rendered":"https:\/\/pulsar-deluxe.de\/?product=usb-a-usb-c-schnelles-laden-steckdose-inkl-glasrahmen"},"modified":"2026-04-09T01:49:13","modified_gmt":"2026-04-08T23:49:13","slug":"usb-a-usb-c-schnelles-laden-steckdose-inkl-glasrahmen","status":"publish","type":"product","link":"https:\/\/pulsar-deluxe.de\/?product=usb-a-usb-c-schnelles-laden-steckdose-inkl-glasrahmen","title":{"rendered":"Steckdose mit USB A + USB C 1-Fach mit Glasrahmen"},"content":{"rendered":"<p><strong>Integriertes Ladeger\u00e4t<\/strong> &#8211; Mit unserer USB-Steckdose k\u00f6nnen Sie Ihre Ger\u00e4te direkt \u00fcber die USB-A- oder USB-C-Anschl\u00fcsse aufladen.<\/p>\n<p><strong>Intelligente Erkennung<\/strong> &#8211; Steckdose mit USB erlaubt den maximalen Ladestrom des Ger\u00e4ts und schaltet automatisch ab, wenn das Ger\u00e4t voll aufgeladen ist. \u00dcberspannungsschutz und Kurzschlussschutz.<\/p>\n<p><strong>Qualit\u00e4t und Zuverl\u00e4ssigkeit<\/strong> &#8211; Die USB- Steckdose ist aus hochwertigen Materialien gefertigt: Glas, Metall, feuerfester Kunststoff. Sie k\u00f6nnen sicher sein, dass unsere Steckdosen mit Glasrahmen Ihnen viele Jahre lang dienen werden.<\/p>\n<p><strong>Kindersicherung<\/strong> &#8211; Die Steckdose ist mit einer eingebauten Kindersicherung ausgestattet, die ein versehentliches Ber\u00fchren verhindert und ein zus\u00e4tzliches Ma\u00df an Sicherheit bietet.<\/p>\n<p><strong>Einfach zu bedienen<\/strong> &#8211; Unsere Steckdosen mit USB-Anschl\u00fcssen sind schnell und einfach zu installieren. Die Steckdosen sind mit einer Standard 60mm Steckdose kompatibel. Die Steckdose kann sowohl senkrecht als auch waagerecht montiert werden.<\/p>\n<p><strong>Design<\/strong> &#8211; Unsere Steckdose ist eine Kombination aus \u00c4sthetik, Funktionalit\u00e4t und Sicherheit. Ihr elegantes Design macht sie zu einer attraktiven L\u00f6sung f\u00fcr jedes Interieur.<\/p>\n","protected":false},"excerpt":{"rendered":"<p>Integriertes Ladeger\u00e4t &#8211; Mit unserer USB-Steckdose k\u00f6nnen Sie Ihre Ger\u00e4te direkt \u00fcber die USB-A- oder USB-C-Anschl\u00fcsse aufladen. Intelligente Erkennung &#8211;<\/p>\n","protected":false},"featured_media":2597,"comment_status":"open","ping_status":"closed","template":"","meta":{"om_disable_all_campaigns":false,"_monsterinsights_skip_tracking":false,"_monsterinsights_sitenote_active":false,"_monsterinsights_sitenote_note":"","_monsterinsights_sitenote_category":0},"product_brand":[],"product_cat":[72,160],"product_tag":[157],"class_list":{"0":"post-1839","1":"product","2":"type-product","3":"status-publish","4":"has-post-thumbnail","6":"product_cat-steckdosen","7":"product_cat-usb-steckdosen","8":"product_tag-usb-steckdosen","9":"pa_color-grau","10":"pa_color-schwarz","11":"pa_color-weis","13":"first","14":"instock","15":"shipping-taxable","16":"purchasable","17":"product-type-variable","18":"has-default-attributes","19":"wvs-archive-product-wrapper"},"aioseo_notices":[],"_links":{"self":[{"href":"https:\/\/pulsar-deluxe.de\/index.php?rest_route=\/wp\/v2\/product\/1839","targetHints":{"allow":["GET"]}}],"collection":[{"href":"https:\/\/pulsar-deluxe.de\/index.php?rest_route=\/wp\/v2\/product"}],"about":[{"href":"https:\/\/pulsar-deluxe.de\/index.php?rest_route=\/wp\/v2\/types\/product"}],"replies":[{"embeddable":true,"href":"https:\/\/pulsar-deluxe.de\/index.php?rest_route=%2Fwp%2Fv2%2Fcomments&post=1839"}],"version-history":[{"count":7,"href":"https:\/\/pulsar-deluxe.de\/index.php?rest_route=\/wp\/v2\/product\/1839\/revisions"}],"predecessor-version":[{"id":5570,"href":"https:\/\/pulsar-deluxe.de\/index.php?rest_route=\/wp\/v2\/product\/1839\/revisions\/5570"}],"wp:featuredmedia":[{"embeddable":true,"href":"https:\/\/pulsar-deluxe.de\/index.php?rest_route=\/wp\/v2\/media\/2597"}],"wp:attachment":[{"href":"https:\/\/pulsar-deluxe.de\/index.php?rest_route=%2Fwp%2Fv2%2Fmedia&parent=1839"}],"wp:term":[{"taxonomy":"product_brand","embeddable":true,"href":"https:\/\/pulsar-deluxe.de\/index.php?rest_route=%2Fwp%2Fv2%2Fproduct_brand&post=1839"},{"taxonomy":"product_cat","embeddable":true,"href":"https:\/\/pulsar-deluxe.de\/index.php?rest_route=%2Fwp%2Fv2%2Fproduct_cat&post=1839"},{"taxonomy":"product_tag","embeddable":true,"href":"https:\/\/pulsar-deluxe.de\/index.php?rest_route=%2Fwp%2Fv2%2Fproduct_tag&post=1839"}],"curies":[{"name":"wp","href":"https:\/\/api.w.org\/{rel}","templated":true}]}}