{"id":1858,"date":"2024-01-09T10:52:40","date_gmt":"2024-01-09T07:52:40","guid":{"rendered":"https:\/\/pulsar-deluxe.de\/?product=schutzkontakt-steckdose-mit-deckel-inkl-glasrahmen-8"},"modified":"2026-04-10T12:27:07","modified_gmt":"2026-04-10T10:27:07","slug":"schutzkontakt-steckdose-mit-deckel-inkl-glasrahmen-8","status":"publish","type":"product","link":"https:\/\/pulsar-deluxe.de\/?product=schutzkontakt-steckdose-mit-deckel-inkl-glasrahmen-8","title":{"rendered":"Steckdose mit Deckel Unterputz 2-Fach mit Glasrahmen"},"content":{"rendered":"<p><strong>Schutzkontakt-Steckdose mit wasserdichter Abdeckung und Schutzart IP44.<\/strong> Die Steckdose mit Klappdeckel bietet optimalen Schutz vor Spritzwasser, z.B. in Bad, K\u00fcche, Werkstatt, Keller.<\/p>\n<p><strong>Qualit\u00e4t und Zuverl\u00e4ssigkeit<\/strong> <span data-sheets-formula-bar-text-style=\"font-size:15px;color:#000000;font-weight:normal;text-decoration:none;font-family:'docs-Calibri';font-style:normal;text-decoration-skip-ink:none;\">&#8211; Die Steckdose mit Deckel ist aus hochwertigen Materialien gefertigt: Glas, Metall, feuerfester Kunststoff. Sie k\u00f6nnen sicher sein, dass unsere Steckdosen mit Glasrahmen Ihnen viele Jahre lang dienen werden.<\/span><\/p>\n<p><strong>Kindersicherung<\/strong><span data-sheets-formula-bar-text-style=\"font-size:15px;color:#000000;font-weight:normal;text-decoration:none;font-family:'docs-Calibri';font-style:normal;text-decoration-skip-ink:none;\"> &#8211; Die Steckdose ist mit einer eingebauten Kindersicherung ausgestattet, die ein versehentliches Ber\u00fchren verhindert und ein zus\u00e4tzliches Ma\u00df an Sicherheit bietet.<\/span><\/p>\n<p><strong>Einfach zu bedienen<\/strong><span data-sheets-formula-bar-text-style=\"font-size:15px;color:#000000;font-weight:normal;text-decoration:none;font-family:'docs-Calibri';font-style:normal;text-decoration-skip-ink:none;\"> &#8211; Unsere Steckdosen sind schnell und einfach zu installieren. Die Unterputz-Steckdosen sind mit einer Standard 60mm Steckdose kompatibel. Die Steckdose kann sowohl senkrecht als auch waagerecht montiert werden.<\/span><\/p>\n<p><strong>Design<\/strong> <span data-sheets-formula-bar-text-style=\"font-size:15px;color:#000000;font-weight:normal;text-decoration:none;font-family:'docs-Calibri';font-style:normal;text-decoration-skip-ink:none;\">&#8211; Unsere Steckdose f\u00fcr Feuchtraum mit Klapp-Deckel &amp; Ber\u00fchrungsschutz ist eine Kombination aus \u00c4sthetik, Funktionalit\u00e4t und Sicherheit. Ihr elegantes Design macht sie zu einer attraktiven L\u00f6sung f\u00fcr jedes Interieur.<\/span><\/p>\n","protected":false},"excerpt":{"rendered":"<p>Schutzkontakt-Steckdose mit wasserdichter Abdeckung und Schutzart IP44. Die Steckdose mit Klappdeckel bietet optimalen Schutz vor Spritzwasser, z.B. in Bad, K\u00fcche,<\/p>\n","protected":false},"featured_media":2614,"comment_status":"open","ping_status":"closed","template":"","meta":{"om_disable_all_campaigns":false,"_monsterinsights_skip_tracking":false,"_monsterinsights_sitenote_active":false,"_monsterinsights_sitenote_note":"","_monsterinsights_sitenote_category":0},"product_brand":[],"product_cat":[72],"product_tag":[161],"class_list":{"0":"post-1858","1":"product","2":"type-product","3":"status-publish","4":"has-post-thumbnail","6":"product_cat-steckdosen","7":"product_tag-steckdosen-mit-deckel","8":"pa_color-grau","9":"pa_color-schwarz","10":"pa_color-weis","12":"first","13":"instock","14":"shipping-taxable","15":"purchasable","16":"product-type-variable","17":"has-default-attributes","18":"wvs-archive-product-wrapper"},"aioseo_notices":[],"_links":{"self":[{"href":"https:\/\/pulsar-deluxe.de\/index.php?rest_route=\/wp\/v2\/product\/1858","targetHints":{"allow":["GET"]}}],"collection":[{"href":"https:\/\/pulsar-deluxe.de\/index.php?rest_route=\/wp\/v2\/product"}],"about":[{"href":"https:\/\/pulsar-deluxe.de\/index.php?rest_route=\/wp\/v2\/types\/product"}],"replies":[{"embeddable":true,"href":"https:\/\/pulsar-deluxe.de\/index.php?rest_route=%2Fwp%2Fv2%2Fcomments&post=1858"}],"version-history":[{"count":9,"href":"https:\/\/pulsar-deluxe.de\/index.php?rest_route=\/wp\/v2\/product\/1858\/revisions"}],"predecessor-version":[{"id":5431,"href":"https:\/\/pulsar-deluxe.de\/index.php?rest_route=\/wp\/v2\/product\/1858\/revisions\/5431"}],"wp:featuredmedia":[{"embeddable":true,"href":"https:\/\/pulsar-deluxe.de\/index.php?rest_route=\/wp\/v2\/media\/2614"}],"wp:attachment":[{"href":"https:\/\/pulsar-deluxe.de\/index.php?rest_route=%2Fwp%2Fv2%2Fmedia&parent=1858"}],"wp:term":[{"taxonomy":"product_brand","embeddable":true,"href":"https:\/\/pulsar-deluxe.de\/index.php?rest_route=%2Fwp%2Fv2%2Fproduct_brand&post=1858"},{"taxonomy":"product_cat","embeddable":true,"href":"https:\/\/pulsar-deluxe.de\/index.php?rest_route=%2Fwp%2Fv2%2Fproduct_cat&post=1858"},{"taxonomy":"product_tag","embeddable":true,"href":"https:\/\/pulsar-deluxe.de\/index.php?rest_route=%2Fwp%2Fv2%2Fproduct_tag&post=1858"}],"curies":[{"name":"wp","href":"https:\/\/api.w.org\/{rel}","templated":true}]}}