{"id":1881,"date":"2024-01-09T10:52:52","date_gmt":"2024-01-09T07:52:52","guid":{"rendered":"https:\/\/pulsar-deluxe.de\/?product=ein-aus-schalter-serienschalter-steckdose-inkl-glasrahmen"},"modified":"2025-04-14T13:35:50","modified_gmt":"2025-04-14T11:35:50","slug":"ein-aus-schalter-serienschalter-steckdose-inkl-glasrahmen","status":"publish","type":"product","link":"https:\/\/pulsar-deluxe.de\/?product=ein-aus-schalter-serienschalter-steckdose-inkl-glasrahmen","title":{"rendered":"Schalter\/Serienschalter\/Steckdose 3-Fach Schwarz Glas"},"content":{"rendered":"<p><strong>Lange Lebensdauer<\/strong> &#8211; Die Lichtschalter mit Steckdosen sind aus geh\u00e4rtetem Glas und feuerfestem Kunststoff gefertigt, sind Sto\u00df- und Kratzfest und extrem Pflegeleicht. Das Erscheinungsbild der Schalter mit Steckdosen bleibt \u00fcber viele Jahre hinweg hervorragend.<\/p>\n<p><strong>Modernes Design<\/strong> &#8211; Der Lichtschalter mit Steckdose ist eine stilvolle und praktische L\u00f6sung, die zu jeder Inneneinrichtung passt. Der Unterputzlichtschalter mit Steckdose ist f\u00fcr die Installation in Wohn- und Schlafzimmer, K\u00fcche und B\u00fcro geeignet.<\/p>\n<p><strong>Hohes Sicherheitsniveau<\/strong> &#8211; Unsere Lichtschalter und Steckdosen sind aus geh\u00e4rtetem Glas und feuerfestem Kunststoff mit einem Metallrahmen gefertigt. Lichtschalter \/ Steckdosen Glas gew\u00e4hrleisten durch den Einsatz hochwertiger Materialien eine sichere Nutzung.<\/p>\n","protected":false},"excerpt":{"rendered":"<p>Lange Lebensdauer &#8211; Die Lichtschalter mit Steckdosen sind aus geh\u00e4rtetem Glas und feuerfestem Kunststoff gefertigt, sind Sto\u00df- und Kratzfest und<\/p>\n","protected":false},"featured_media":3317,"comment_status":"open","ping_status":"closed","template":"","meta":{"om_disable_all_campaigns":false,"_monsterinsights_skip_tracking":false,"_monsterinsights_sitenote_active":false,"_monsterinsights_sitenote_note":"","_monsterinsights_sitenote_category":0},"product_brand":[],"product_cat":[120,119],"product_tag":[164,162,166],"class_list":{"0":"post-1881","1":"product","2":"type-product","3":"status-publish","4":"has-post-thumbnail","6":"product_cat-ein-aus-schalter-mit-steckdose","7":"product_cat-lichtschalter-mit-steckdosen","8":"product_tag-doppelt","9":"product_tag-ein-aus-schalter","10":"product_tag-steckdosen-mit-schalter","11":"pa_color-grau","12":"pa_color-schwarz","13":"pa_color-weis","15":"first","16":"instock","17":"shipping-taxable","18":"purchasable","19":"product-type-variable","20":"has-default-attributes","21":"wvs-archive-product-wrapper"},"aioseo_notices":[],"_links":{"self":[{"href":"https:\/\/pulsar-deluxe.de\/index.php?rest_route=\/wp\/v2\/product\/1881","targetHints":{"allow":["GET"]}}],"collection":[{"href":"https:\/\/pulsar-deluxe.de\/index.php?rest_route=\/wp\/v2\/product"}],"about":[{"href":"https:\/\/pulsar-deluxe.de\/index.php?rest_route=\/wp\/v2\/types\/product"}],"replies":[{"embeddable":true,"href":"https:\/\/pulsar-deluxe.de\/index.php?rest_route=%2Fwp%2Fv2%2Fcomments&post=1881"}],"version-history":[{"count":5,"href":"https:\/\/pulsar-deluxe.de\/index.php?rest_route=\/wp\/v2\/product\/1881\/revisions"}],"predecessor-version":[{"id":4074,"href":"https:\/\/pulsar-deluxe.de\/index.php?rest_route=\/wp\/v2\/product\/1881\/revisions\/4074"}],"wp:featuredmedia":[{"embeddable":true,"href":"https:\/\/pulsar-deluxe.de\/index.php?rest_route=\/wp\/v2\/media\/3317"}],"wp:attachment":[{"href":"https:\/\/pulsar-deluxe.de\/index.php?rest_route=%2Fwp%2Fv2%2Fmedia&parent=1881"}],"wp:term":[{"taxonomy":"product_brand","embeddable":true,"href":"https:\/\/pulsar-deluxe.de\/index.php?rest_route=%2Fwp%2Fv2%2Fproduct_brand&post=1881"},{"taxonomy":"product_cat","embeddable":true,"href":"https:\/\/pulsar-deluxe.de\/index.php?rest_route=%2Fwp%2Fv2%2Fproduct_cat&post=1881"},{"taxonomy":"product_tag","embeddable":true,"href":"https:\/\/pulsar-deluxe.de\/index.php?rest_route=%2Fwp%2Fv2%2Fproduct_tag&post=1881"}],"curies":[{"name":"wp","href":"https:\/\/api.w.org\/{rel}","templated":true}]}}