{"id":1900,"date":"2024-01-09T10:53:02","date_gmt":"2024-01-09T07:53:02","guid":{"rendered":"https:\/\/pulsar-deluxe.de\/?product=wechselschalter-steckdose-inkl-glasrahmen-2"},"modified":"2025-04-14T13:35:50","modified_gmt":"2025-04-14T11:35:50","slug":"wechselschalter-steckdose-inkl-glasrahmen-2","status":"publish","type":"product","link":"https:\/\/pulsar-deluxe.de\/?product=wechselschalter-steckdose-inkl-glasrahmen-2","title":{"rendered":"Wechselschalter\/Steckdose Unterputz 2-Fach Glas"},"content":{"rendered":"<p><strong>Lange Lebensdauer<\/strong> &#8211; Die Wechselschalter mit Steckdosen sind aus geh\u00e4rtetem Glas und feuerfestem Kunststoff gefertigt, sind Sto\u00df- und Kratzfest und extrem Pflegeleicht. Das Erscheinungsbild der Schalter mit Steckdosen bleibt \u00fcber viele Jahre hinweg hervorragend.<\/p>\n<p><strong>Modernes Design<\/strong> &#8211; Der Lichtschalter mit Steckdose ist eine stilvolle und praktische L\u00f6sung, die zu jeder Inneneinrichtung passt. Der Unterputz-Wechselschalter mit Steckdose ist f\u00fcr die Installation in Wohn- und Schlafzimmer, K\u00fcche und B\u00fcro geeignet.<\/p>\n<p><strong>Hohes Sicherheitsniveau<\/strong> &#8211; Unsere Lichtschalter und Steckdosen sind aus geh\u00e4rtetem Glas und feuerfestem Kunststoff mit einem Metallrahmen gefertigt. Wechselschalter \/ Steckdosen Glas gew\u00e4hrleisten durch den Einsatz hochwertiger Materialien eine sichere Nutzung.<\/p>\n","protected":false},"excerpt":{"rendered":"<p>Lange Lebensdauer &#8211; Die Wechselschalter mit Steckdosen sind aus geh\u00e4rtetem Glas und feuerfestem Kunststoff gefertigt, sind Sto\u00df- und Kratzfest und<\/p>\n","protected":false},"featured_media":3320,"comment_status":"open","ping_status":"closed","template":"","meta":{"om_disable_all_campaigns":false,"_monsterinsights_skip_tracking":false,"_monsterinsights_sitenote_active":false,"_monsterinsights_sitenote_note":"","_monsterinsights_sitenote_category":0},"product_brand":[],"product_cat":[121],"product_tag":[166,163],"class_list":{"0":"post-1900","1":"product","2":"type-product","3":"status-publish","4":"has-post-thumbnail","6":"product_cat-wechselschalter-mit-steckdose","7":"product_tag-steckdosen-mit-schalter","8":"product_tag-wechselschalter","9":"pa_color-grau","10":"pa_color-schwarz","11":"pa_color-weis","13":"first","14":"instock","15":"shipping-taxable","16":"product-type-variable","17":"has-default-attributes","18":"wvs-archive-product-wrapper"},"aioseo_notices":[],"_links":{"self":[{"href":"https:\/\/pulsar-deluxe.de\/index.php?rest_route=\/wp\/v2\/product\/1900","targetHints":{"allow":["GET"]}}],"collection":[{"href":"https:\/\/pulsar-deluxe.de\/index.php?rest_route=\/wp\/v2\/product"}],"about":[{"href":"https:\/\/pulsar-deluxe.de\/index.php?rest_route=\/wp\/v2\/types\/product"}],"replies":[{"embeddable":true,"href":"https:\/\/pulsar-deluxe.de\/index.php?rest_route=%2Fwp%2Fv2%2Fcomments&post=1900"}],"version-history":[{"count":6,"href":"https:\/\/pulsar-deluxe.de\/index.php?rest_route=\/wp\/v2\/product\/1900\/revisions"}],"predecessor-version":[{"id":5498,"href":"https:\/\/pulsar-deluxe.de\/index.php?rest_route=\/wp\/v2\/product\/1900\/revisions\/5498"}],"wp:featuredmedia":[{"embeddable":true,"href":"https:\/\/pulsar-deluxe.de\/index.php?rest_route=\/wp\/v2\/media\/3320"}],"wp:attachment":[{"href":"https:\/\/pulsar-deluxe.de\/index.php?rest_route=%2Fwp%2Fv2%2Fmedia&parent=1900"}],"wp:term":[{"taxonomy":"product_brand","embeddable":true,"href":"https:\/\/pulsar-deluxe.de\/index.php?rest_route=%2Fwp%2Fv2%2Fproduct_brand&post=1900"},{"taxonomy":"product_cat","embeddable":true,"href":"https:\/\/pulsar-deluxe.de\/index.php?rest_route=%2Fwp%2Fv2%2Fproduct_cat&post=1900"},{"taxonomy":"product_tag","embeddable":true,"href":"https:\/\/pulsar-deluxe.de\/index.php?rest_route=%2Fwp%2Fv2%2Fproduct_tag&post=1900"}],"curies":[{"name":"wp","href":"https:\/\/api.w.org\/{rel}","templated":true}]}}