{"id":1904,"date":"2024-01-09T10:53:04","date_gmt":"2024-01-09T07:53:04","guid":{"rendered":"https:\/\/pulsar-deluxe.de\/?product=kreuzschalter-steckdose-inkl-glasrahmen"},"modified":"2025-04-14T13:35:49","modified_gmt":"2025-04-14T11:35:49","slug":"kreuzschalter-steckdose-inkl-glasrahmen","status":"publish","type":"product","link":"https:\/\/pulsar-deluxe.de\/?product=kreuzschalter-steckdose-inkl-glasrahmen","title":{"rendered":"Kreuzschalter\/Steckdose Unterputz 2-Fach Glas"},"content":{"rendered":"<p><strong>Lange Lebensdauer<\/strong> &#8211; Die Kreuzschalter mit Steckdosen sind aus geh\u00e4rtetem Glas und feuerfestem Kunststoff gefertigt, sind Sto\u00df- und Kratzfest und extrem Pflegeleicht. Das Erscheinungsbild der Schalter mit Steckdosen bleibt \u00fcber viele Jahre hinweg hervorragend.<\/p>\n<p><strong>Modernes Design<\/strong> &#8211; Der Lichtschalter mit Steckdose ist eine stilvolle und praktische L\u00f6sung, die zu jeder Inneneinrichtung passt. Der Unterputz-Kreuzschalter mit Steckdose ist f\u00fcr die Installation in Wohn- und Schlafzimmer, K\u00fcche und B\u00fcro geeignet.<\/p>\n<p><strong>Hohes Sicherheitsniveau<\/strong> &#8211; Unsere Lichtschalter und Steckdosen sind aus geh\u00e4rtetem Glas und feuerfestem Kunststoff mit einem Metallrahmen gefertigt. Kreuzschalter \/ Steckdosen Glas gew\u00e4hrleisten durch den Einsatz hochwertiger Materialien eine sichere Nutzung.<\/p>\n","protected":false},"excerpt":{"rendered":"<p>Lange Lebensdauer &#8211; Die Kreuzschalter mit Steckdosen sind aus geh\u00e4rtetem Glas und feuerfestem Kunststoff gefertigt, sind Sto\u00df- und Kratzfest und<\/p>\n","protected":false},"featured_media":3334,"comment_status":"open","ping_status":"closed","template":"","meta":{"om_disable_all_campaigns":false,"_monsterinsights_skip_tracking":false,"_monsterinsights_sitenote_active":false,"_monsterinsights_sitenote_note":"","_monsterinsights_sitenote_category":0},"product_brand":[],"product_cat":[122,119],"product_tag":[165,166],"class_list":{"0":"post-1904","1":"product","2":"type-product","3":"status-publish","4":"has-post-thumbnail","6":"product_cat-kreuzschalter-mit-steckdose","7":"product_cat-lichtschalter-mit-steckdosen","8":"product_tag-kreuzschalter","9":"product_tag-steckdosen-mit-schalter","10":"pa_color-grau","11":"pa_color-schwarz","12":"pa_color-weis","14":"first","15":"instock","16":"shipping-taxable","17":"product-type-variable","18":"has-default-attributes","19":"wvs-archive-product-wrapper"},"aioseo_notices":[],"_links":{"self":[{"href":"https:\/\/pulsar-deluxe.de\/index.php?rest_route=\/wp\/v2\/product\/1904","targetHints":{"allow":["GET"]}}],"collection":[{"href":"https:\/\/pulsar-deluxe.de\/index.php?rest_route=\/wp\/v2\/product"}],"about":[{"href":"https:\/\/pulsar-deluxe.de\/index.php?rest_route=\/wp\/v2\/types\/product"}],"replies":[{"embeddable":true,"href":"https:\/\/pulsar-deluxe.de\/index.php?rest_route=%2Fwp%2Fv2%2Fcomments&post=1904"}],"version-history":[{"count":6,"href":"https:\/\/pulsar-deluxe.de\/index.php?rest_route=\/wp\/v2\/product\/1904\/revisions"}],"predecessor-version":[{"id":5504,"href":"https:\/\/pulsar-deluxe.de\/index.php?rest_route=\/wp\/v2\/product\/1904\/revisions\/5504"}],"wp:featuredmedia":[{"embeddable":true,"href":"https:\/\/pulsar-deluxe.de\/index.php?rest_route=\/wp\/v2\/media\/3334"}],"wp:attachment":[{"href":"https:\/\/pulsar-deluxe.de\/index.php?rest_route=%2Fwp%2Fv2%2Fmedia&parent=1904"}],"wp:term":[{"taxonomy":"product_brand","embeddable":true,"href":"https:\/\/pulsar-deluxe.de\/index.php?rest_route=%2Fwp%2Fv2%2Fproduct_brand&post=1904"},{"taxonomy":"product_cat","embeddable":true,"href":"https:\/\/pulsar-deluxe.de\/index.php?rest_route=%2Fwp%2Fv2%2Fproduct_cat&post=1904"},{"taxonomy":"product_tag","embeddable":true,"href":"https:\/\/pulsar-deluxe.de\/index.php?rest_route=%2Fwp%2Fv2%2Fproduct_tag&post=1904"}],"curies":[{"name":"wp","href":"https:\/\/api.w.org\/{rel}","templated":true}]}}