{"id":1920,"date":"2024-01-09T10:53:13","date_gmt":"2024-01-09T07:53:13","guid":{"rendered":"https:\/\/pulsar-deluxe.de\/?product=wechselschalter-serienschalter-inkl-glasrahmen"},"modified":"2025-04-14T13:35:49","modified_gmt":"2025-04-14T11:35:49","slug":"wechselschalter-serienschalter-inkl-glasrahmen","status":"publish","type":"product","link":"https:\/\/pulsar-deluxe.de\/?product=wechselschalter-serienschalter-inkl-glasrahmen","title":{"rendered":"Wechsel-Schalter\/Serien-Schalter 2-Fach Glas"},"content":{"rendered":"<p>Komplett Set Wechselschalter\/Ein-Aus Schalter im 2-Fach Glasrahmen.<\/p>\n<p><strong>Modernes Design<\/strong> &#8211; Schalter aus Glas ist eine stilvolle und praktische L\u00f6sung, die zu jeder Inneneinrichtung passt. Die Unterputzlichtschalter sind f\u00fcr die Installation in Wohn- und Schlafzimmer, K\u00fcche und B\u00fcro geeignet.<\/p>\n<p><strong>Lange Lebensdauer<\/strong> &#8211; Die Lichtschalter sind aus geh\u00e4rtetem Glas und feuerfestem Kunststoff gefertigt, sind Sto\u00df- und Kratzfest und extrem Pflegeleicht. Das Erscheinungsbild der Schalter bleibt jahrelang hervorragend.<\/p>\n<p><strong>Einfache Installation<\/strong> &#8211; Komplett Set Wechselschalter\/Ein-Aus Schalter ist f\u00fcr die Unterputz-Installation geeignet. Die Installation kann horizontal oder vertikal erfolgen.<\/p>\n","protected":false},"excerpt":{"rendered":"<p>Komplett Set Wechselschalter\/Ein-Aus Schalter im 2-Fach Glasrahmen. Modernes Design &#8211; Schalter aus Glas ist eine stilvolle und praktische L\u00f6sung, die<\/p>\n","protected":false},"featured_media":3342,"comment_status":"open","ping_status":"closed","template":"","meta":{"om_disable_all_campaigns":false,"_monsterinsights_skip_tracking":false,"_monsterinsights_sitenote_active":false,"_monsterinsights_sitenote_note":"","_monsterinsights_sitenote_category":0},"product_brand":[],"product_cat":[124,119],"product_tag":[164,162,163],"class_list":{"0":"post-1920","1":"product","2":"type-product","3":"status-publish","4":"has-post-thumbnail","6":"product_cat-ein-aus-schalter-wechselschalter-steckdose","7":"product_cat-lichtschalter-mit-steckdosen","8":"product_tag-doppelt","9":"product_tag-ein-aus-schalter","10":"product_tag-wechselschalter","11":"pa_color-grau","12":"pa_color-schwarz","13":"pa_color-weis","15":"first","16":"instock","17":"shipping-taxable","18":"purchasable","19":"product-type-variable","20":"has-default-attributes","21":"wvs-archive-product-wrapper"},"aioseo_notices":[],"_links":{"self":[{"href":"https:\/\/pulsar-deluxe.de\/index.php?rest_route=\/wp\/v2\/product\/1920","targetHints":{"allow":["GET"]}}],"collection":[{"href":"https:\/\/pulsar-deluxe.de\/index.php?rest_route=\/wp\/v2\/product"}],"about":[{"href":"https:\/\/pulsar-deluxe.de\/index.php?rest_route=\/wp\/v2\/types\/product"}],"replies":[{"embeddable":true,"href":"https:\/\/pulsar-deluxe.de\/index.php?rest_route=%2Fwp%2Fv2%2Fcomments&post=1920"}],"version-history":[{"count":7,"href":"https:\/\/pulsar-deluxe.de\/index.php?rest_route=\/wp\/v2\/product\/1920\/revisions"}],"predecessor-version":[{"id":5495,"href":"https:\/\/pulsar-deluxe.de\/index.php?rest_route=\/wp\/v2\/product\/1920\/revisions\/5495"}],"wp:featuredmedia":[{"embeddable":true,"href":"https:\/\/pulsar-deluxe.de\/index.php?rest_route=\/wp\/v2\/media\/3342"}],"wp:attachment":[{"href":"https:\/\/pulsar-deluxe.de\/index.php?rest_route=%2Fwp%2Fv2%2Fmedia&parent=1920"}],"wp:term":[{"taxonomy":"product_brand","embeddable":true,"href":"https:\/\/pulsar-deluxe.de\/index.php?rest_route=%2Fwp%2Fv2%2Fproduct_brand&post=1920"},{"taxonomy":"product_cat","embeddable":true,"href":"https:\/\/pulsar-deluxe.de\/index.php?rest_route=%2Fwp%2Fv2%2Fproduct_cat&post=1920"},{"taxonomy":"product_tag","embeddable":true,"href":"https:\/\/pulsar-deluxe.de\/index.php?rest_route=%2Fwp%2Fv2%2Fproduct_tag&post=1920"}],"curies":[{"name":"wp","href":"https:\/\/api.w.org\/{rel}","templated":true}]}}