{"id":1925,"date":"2024-01-09T10:53:15","date_gmt":"2024-01-09T07:53:15","guid":{"rendered":"https:\/\/pulsar-deluxe.de\/?product=kreuzschalter-serienschalter-steckdose-inkl-glasrahmen"},"modified":"2025-04-14T13:35:48","modified_gmt":"2025-04-14T11:35:48","slug":"kreuzschalter-serienschalter-steckdose-inkl-glasrahmen","status":"publish","type":"product","link":"https:\/\/pulsar-deluxe.de\/?product=kreuzschalter-serienschalter-steckdose-inkl-glasrahmen","title":{"rendered":"Kreuzschalter\/Serien-Schalter\/Steckdose 3-Fach Glas"},"content":{"rendered":"<p>Komplett Set Kreuzschalter\/Serienschalter\/Steckdose im 3-Fach Glasrahmen f\u00fcr die DE Standard Unterputzdose 60mm.<\/p>\n<p><strong>Modernes Design<\/strong> &#8211; Schalter und Steckdosen aus Glas ist eine stilvolle und praktische L\u00f6sung, die zu jeder Inneneinrichtung passt. Die Unterputzlichtschalter mit Steckdose sind f\u00fcr die Installation in Wohn- und Schlafzimmer, K\u00fcche und B\u00fcro geeignet.<\/p>\n<p><strong>Lange Lebensdauer<\/strong> &#8211; Die Lichtschalter und Steckdosen sind aus geh\u00e4rtetem Glas und feuerfestem Kunststoff gefertigt, sind Sto\u00df- und Kratzfest und extrem Pflegeleicht. Das Erscheinungsbild der Schalter bleibt jahrelang hervorragend.<\/p>\n<p><strong>Einfache Installation<\/strong> &#8211; Komplett Set Kreuzschalter\/Serienschalter\/Steckdose ist f\u00fcr die Unterputz-Installation geeignet. Die Installation kann horizontal oder vertikal erfolgen.<\/p>\n","protected":false},"excerpt":{"rendered":"<p>Komplett Set Kreuzschalter\/Serienschalter\/Steckdose im 3-Fach Glasrahmen f\u00fcr die DE Standard Unterputzdose 60mm. Modernes Design &#8211; Schalter und Steckdosen aus Glas<\/p>\n","protected":false},"featured_media":3351,"comment_status":"open","ping_status":"closed","template":"","meta":{"om_disable_all_campaigns":false,"_monsterinsights_skip_tracking":false,"_monsterinsights_sitenote_active":false,"_monsterinsights_sitenote_note":"","_monsterinsights_sitenote_category":0},"product_brand":[],"product_cat":[125,119],"product_tag":[164,162,165,166],"class_list":{"0":"post-1925","1":"product","2":"type-product","3":"status-publish","4":"has-post-thumbnail","6":"product_cat-ein-aus-schalter-kreuzschalter-steckdose","7":"product_cat-lichtschalter-mit-steckdosen","8":"product_tag-doppelt","9":"product_tag-ein-aus-schalter","10":"product_tag-kreuzschalter","11":"product_tag-steckdosen-mit-schalter","12":"pa_color-grau","13":"pa_color-schwarz","14":"pa_color-weis","16":"first","17":"instock","18":"shipping-taxable","19":"purchasable","20":"product-type-variable","21":"has-default-attributes","22":"wvs-archive-product-wrapper"},"aioseo_notices":[],"_links":{"self":[{"href":"https:\/\/pulsar-deluxe.de\/index.php?rest_route=\/wp\/v2\/product\/1925","targetHints":{"allow":["GET"]}}],"collection":[{"href":"https:\/\/pulsar-deluxe.de\/index.php?rest_route=\/wp\/v2\/product"}],"about":[{"href":"https:\/\/pulsar-deluxe.de\/index.php?rest_route=\/wp\/v2\/types\/product"}],"replies":[{"embeddable":true,"href":"https:\/\/pulsar-deluxe.de\/index.php?rest_route=%2Fwp%2Fv2%2Fcomments&post=1925"}],"version-history":[{"count":7,"href":"https:\/\/pulsar-deluxe.de\/index.php?rest_route=\/wp\/v2\/product\/1925\/revisions"}],"predecessor-version":[{"id":5519,"href":"https:\/\/pulsar-deluxe.de\/index.php?rest_route=\/wp\/v2\/product\/1925\/revisions\/5519"}],"wp:featuredmedia":[{"embeddable":true,"href":"https:\/\/pulsar-deluxe.de\/index.php?rest_route=\/wp\/v2\/media\/3351"}],"wp:attachment":[{"href":"https:\/\/pulsar-deluxe.de\/index.php?rest_route=%2Fwp%2Fv2%2Fmedia&parent=1925"}],"wp:term":[{"taxonomy":"product_brand","embeddable":true,"href":"https:\/\/pulsar-deluxe.de\/index.php?rest_route=%2Fwp%2Fv2%2Fproduct_brand&post=1925"},{"taxonomy":"product_cat","embeddable":true,"href":"https:\/\/pulsar-deluxe.de\/index.php?rest_route=%2Fwp%2Fv2%2Fproduct_cat&post=1925"},{"taxonomy":"product_tag","embeddable":true,"href":"https:\/\/pulsar-deluxe.de\/index.php?rest_route=%2Fwp%2Fv2%2Fproduct_tag&post=1925"}],"curies":[{"name":"wp","href":"https:\/\/api.w.org\/{rel}","templated":true}]}}