{"id":1934,"date":"2024-01-09T10:53:20","date_gmt":"2024-01-09T07:53:20","guid":{"rendered":"https:\/\/pulsar-deluxe.de\/?product=klingeltaster-inkl-glasrahmen"},"modified":"2025-04-14T13:35:48","modified_gmt":"2025-04-14T11:35:48","slug":"klingeltaster-inkl-glasrahmen","status":"publish","type":"product","link":"https:\/\/pulsar-deluxe.de\/?product=klingeltaster-inkl-glasrahmen","title":{"rendered":"Klingeltaster Unterputz 1-Fach inkl. Glasrahmen"},"content":{"rendered":"<p><strong>Modernes Design<\/strong> &#8211; Der Klingeltaster aus geh\u00e4rtetem Glas vereint modernes Design, fortschrittliche Technologie und Langlebigkeit und ist die perfekte Erg\u00e4nzung f\u00fcr Ihr Interieur. Seien Sie bereit, Ihre G\u00e4ste mit Eleganz und Stil zu empfangen!<\/p>\n<p><strong>Einfache Montage<\/strong> &#8211; Die Installation der T\u00fcrklingel ist kinderleicht. Montageart: Montage in Standard UP-Dose mit Durchmesser von 60mm mit Schraubgewinde.<\/p>\n<p><strong>Lange Lebensdauer<\/strong> &#8211; Der unterputz Taster ist aus geh\u00e4rtetem Glas und feuerfestem Kunststoff gefertigt, ist Sto\u00df- und Kratzfest und extrem Pflegeleicht. Das Erscheinungsbild der T\u00fcrklingel bleibt jahrelang hervorragend.<\/p>\n","protected":false},"excerpt":{"rendered":"<p>Modernes Design &#8211; Der Klingeltaster aus geh\u00e4rtetem Glas vereint modernes Design, fortschrittliche Technologie und Langlebigkeit und ist die perfekte Erg\u00e4nzung<\/p>\n","protected":false},"featured_media":2596,"comment_status":"open","ping_status":"closed","template":"","meta":{"om_disable_all_campaigns":false,"_monsterinsights_skip_tracking":false,"_monsterinsights_sitenote_active":false,"_monsterinsights_sitenote_note":"","_monsterinsights_sitenote_category":0},"product_brand":[],"product_cat":[85],"product_tag":[],"class_list":{"0":"post-1934","1":"product","2":"type-product","3":"status-publish","4":"has-post-thumbnail","6":"product_cat-klingeltaster","7":"pa_color-grau","8":"pa_color-schwarz","9":"pa_color-weis","11":"first","12":"instock","13":"shipping-taxable","14":"purchasable","15":"product-type-variable","16":"has-default-attributes","17":"wvs-archive-product-wrapper"},"aioseo_notices":[],"_links":{"self":[{"href":"https:\/\/pulsar-deluxe.de\/index.php?rest_route=\/wp\/v2\/product\/1934","targetHints":{"allow":["GET"]}}],"collection":[{"href":"https:\/\/pulsar-deluxe.de\/index.php?rest_route=\/wp\/v2\/product"}],"about":[{"href":"https:\/\/pulsar-deluxe.de\/index.php?rest_route=\/wp\/v2\/types\/product"}],"replies":[{"embeddable":true,"href":"https:\/\/pulsar-deluxe.de\/index.php?rest_route=%2Fwp%2Fv2%2Fcomments&post=1934"}],"version-history":[{"count":5,"href":"https:\/\/pulsar-deluxe.de\/index.php?rest_route=\/wp\/v2\/product\/1934\/revisions"}],"predecessor-version":[{"id":5392,"href":"https:\/\/pulsar-deluxe.de\/index.php?rest_route=\/wp\/v2\/product\/1934\/revisions\/5392"}],"wp:featuredmedia":[{"embeddable":true,"href":"https:\/\/pulsar-deluxe.de\/index.php?rest_route=\/wp\/v2\/media\/2596"}],"wp:attachment":[{"href":"https:\/\/pulsar-deluxe.de\/index.php?rest_route=%2Fwp%2Fv2%2Fmedia&parent=1934"}],"wp:term":[{"taxonomy":"product_brand","embeddable":true,"href":"https:\/\/pulsar-deluxe.de\/index.php?rest_route=%2Fwp%2Fv2%2Fproduct_brand&post=1934"},{"taxonomy":"product_cat","embeddable":true,"href":"https:\/\/pulsar-deluxe.de\/index.php?rest_route=%2Fwp%2Fv2%2Fproduct_cat&post=1934"},{"taxonomy":"product_tag","embeddable":true,"href":"https:\/\/pulsar-deluxe.de\/index.php?rest_route=%2Fwp%2Fv2%2Fproduct_tag&post=1934"}],"curies":[{"name":"wp","href":"https:\/\/api.w.org\/{rel}","templated":true}]}}