{"id":1941,"date":"2024-01-09T10:53:23","date_gmt":"2024-01-09T07:53:23","guid":{"rendered":"https:\/\/pulsar-deluxe.de\/?product=sat-kabel-steckdose-inkl-glasrahmen-2"},"modified":"2025-04-14T13:35:47","modified_gmt":"2025-04-14T11:35:47","slug":"sat-kabel-steckdose-inkl-glasrahmen-2","status":"publish","type":"product","link":"https:\/\/pulsar-deluxe.de\/?product=sat-kabel-steckdose-inkl-glasrahmen-2","title":{"rendered":"SAT\/Kabel Antennendose\/Steckdose 2-Fach inkl. Glasrahmen"},"content":{"rendered":"<p><strong>Qualit\u00e4t und Zuverl\u00e4ssigkeit<\/strong> &#8211; Komplett Set Sat\/Kabel Antennendose\/Steckdose ist aus hochwertigen Materialien gefertigt: Glas, Metall, feuerfester Kunststoff. Sie k\u00f6nnen sicher sein, dass unsere Steckdosen mit Glasrahmen Ihnen viele Jahre lang dienen werden.<\/p>\n<p><strong>Kindersicherung<\/strong> &#8211; Die Kabel-TV-Anschlussdose mit SAT Dose und Steckdose sind mit einer eingebauten Kindersicherung ausgestattet, die ein versehentliches Ber\u00fchren verhindert und ein zus\u00e4tzliches Ma\u00df an Sicherheit bietet.<\/p>\n<p><strong>Einfach zu bedienen<\/strong> &#8211; Unsere Steckdosen sind schnell und einfach zu installieren. Die Satelitendose\/Kabel Dose\/Steckdose geeignet f\u00fcr Standard-Unterputzdose DE 60 mm. Die Dose kann sowohl senkrecht als auch waagerecht montiert werden.<\/p>\n<p><strong>Design<\/strong> &#8211; Unsere Steckdose mit SAT Anschlu\u00dfdose und Kabel TV Dose ist eine Kombination aus \u00c4sthetik, Funktionalit\u00e4t und Sicherheit. Ihr elegantes Design macht sie zu einer attraktiven L\u00f6sung f\u00fcr jedes Interieur.<\/p>\n","protected":false},"excerpt":{"rendered":"<p>Qualit\u00e4t und Zuverl\u00e4ssigkeit &#8211; Komplett Set Sat\/Kabel Antennendose\/Steckdose ist aus hochwertigen Materialien gefertigt: Glas, Metall, feuerfester Kunststoff. Sie k\u00f6nnen sicher<\/p>\n","protected":false},"featured_media":2600,"comment_status":"open","ping_status":"closed","template":"","meta":{"om_disable_all_campaigns":false,"_monsterinsights_skip_tracking":false,"_monsterinsights_sitenote_active":false,"_monsterinsights_sitenote_note":"","_monsterinsights_sitenote_category":0},"product_brand":[],"product_cat":[128,86,127],"product_tag":[170,169],"class_list":{"0":"post-1941","1":"product","2":"type-product","3":"status-publish","4":"has-post-thumbnail","6":"product_cat-sat-kabel-dose-steckdose","7":"product_cat-sat-kabel-dosen","8":"product_cat-tv-dose","9":"product_tag-steckdose-mit-tv-dose","10":"product_tag-tv-dose","11":"pa_color-grau","12":"pa_color-schwarz","13":"pa_color-weis","15":"first","16":"instock","17":"shipping-taxable","18":"purchasable","19":"product-type-variable","20":"has-default-attributes","21":"wvs-archive-product-wrapper"},"aioseo_notices":[],"_links":{"self":[{"href":"https:\/\/pulsar-deluxe.de\/index.php?rest_route=\/wp\/v2\/product\/1941","targetHints":{"allow":["GET"]}}],"collection":[{"href":"https:\/\/pulsar-deluxe.de\/index.php?rest_route=\/wp\/v2\/product"}],"about":[{"href":"https:\/\/pulsar-deluxe.de\/index.php?rest_route=\/wp\/v2\/types\/product"}],"replies":[{"embeddable":true,"href":"https:\/\/pulsar-deluxe.de\/index.php?rest_route=%2Fwp%2Fv2%2Fcomments&post=1941"}],"version-history":[{"count":7,"href":"https:\/\/pulsar-deluxe.de\/index.php?rest_route=\/wp\/v2\/product\/1941\/revisions"}],"predecessor-version":[{"id":5382,"href":"https:\/\/pulsar-deluxe.de\/index.php?rest_route=\/wp\/v2\/product\/1941\/revisions\/5382"}],"wp:featuredmedia":[{"embeddable":true,"href":"https:\/\/pulsar-deluxe.de\/index.php?rest_route=\/wp\/v2\/media\/2600"}],"wp:attachment":[{"href":"https:\/\/pulsar-deluxe.de\/index.php?rest_route=%2Fwp%2Fv2%2Fmedia&parent=1941"}],"wp:term":[{"taxonomy":"product_brand","embeddable":true,"href":"https:\/\/pulsar-deluxe.de\/index.php?rest_route=%2Fwp%2Fv2%2Fproduct_brand&post=1941"},{"taxonomy":"product_cat","embeddable":true,"href":"https:\/\/pulsar-deluxe.de\/index.php?rest_route=%2Fwp%2Fv2%2Fproduct_cat&post=1941"},{"taxonomy":"product_tag","embeddable":true,"href":"https:\/\/pulsar-deluxe.de\/index.php?rest_route=%2Fwp%2Fv2%2Fproduct_tag&post=1941"}],"curies":[{"name":"wp","href":"https:\/\/api.w.org\/{rel}","templated":true}]}}