{"id":1944,"date":"2024-01-09T10:53:24","date_gmt":"2024-01-09T07:53:24","guid":{"rendered":"https:\/\/pulsar-deluxe.de\/?product=usb-internet-dose-inkl-glasrahmen"},"modified":"2025-04-14T13:35:47","modified_gmt":"2025-04-14T11:35:47","slug":"usb-internet-dose-inkl-glasrahmen","status":"publish","type":"product","link":"https:\/\/pulsar-deluxe.de\/?product=usb-internet-dose-inkl-glasrahmen","title":{"rendered":"USB Steckdose\/Internet Dose Unterputz 1-Fach Wei\u00df Glas"},"content":{"rendered":"<p>USB Steckdose mit Netzwerkdose 1x RJ45 Port\/8P8C Buchse<\/p>\n<p>Qualit\u00e4t und Zuverl\u00e4ssigkeit &#8211; Internet Steckdose mit USB A Anschluss ist aus hochwertigen Materialien gefertigt: Glas, Metall, feuerfester Kunststoff. Sie k\u00f6nnen sicher sein, dass unsere Steckdosen mit Glasrahmen Ihnen viele Jahre lang dienen werden.<\/p>\n<p>Einfach zu bedienen &#8211; Unsere Steckdosen sind schnell und einfach zu installieren. Komplett Set Netzwerkdose\/USB-Steckdose geeignet f\u00fcr Standard-Unterputzdose DE 60 mm. Die Steckdose kann sowohl senkrecht als auch waagerecht montiert werden.<\/p>\n<p>Design &#8211; Komplett Set Netzwerkdose\/USB-Steckdose ist eine Kombination aus \u00c4sthetik, Funktionalit\u00e4t und Sicherheit. Sein elegantes Design macht ihn zu einer attraktiven L\u00f6sung f\u00fcr jedes Interieur.<\/p>\n","protected":false},"excerpt":{"rendered":"<p>USB Steckdose mit Netzwerkdose 1x RJ45 Port\/8P8C Buchse Qualit\u00e4t und Zuverl\u00e4ssigkeit &#8211; Internet Steckdose mit USB A Anschluss ist aus<\/p>\n","protected":false},"featured_media":3163,"comment_status":"open","ping_status":"closed","template":"","meta":{"om_disable_all_campaigns":false,"_monsterinsights_skip_tracking":false,"_monsterinsights_sitenote_active":false,"_monsterinsights_sitenote_note":"","_monsterinsights_sitenote_category":0},"product_brand":[],"product_cat":[129,130],"product_tag":[171,173,159],"class_list":{"0":"post-1944","1":"product","2":"type-product","3":"status-publish","4":"has-post-thumbnail","6":"product_cat-internet-dose","7":"product_cat-usb-internet-dose-steckdose","8":"product_tag-dsl-dose","9":"product_tag-usb-dose","10":"product_tag-weis","11":"pa_color-grau","12":"pa_color-schwarz","13":"pa_color-weis","15":"first","16":"instock","17":"shipping-taxable","18":"product-type-variable","19":"wvs-archive-product-wrapper"},"aioseo_notices":[],"_links":{"self":[{"href":"https:\/\/pulsar-deluxe.de\/index.php?rest_route=\/wp\/v2\/product\/1944","targetHints":{"allow":["GET"]}}],"collection":[{"href":"https:\/\/pulsar-deluxe.de\/index.php?rest_route=\/wp\/v2\/product"}],"about":[{"href":"https:\/\/pulsar-deluxe.de\/index.php?rest_route=\/wp\/v2\/types\/product"}],"replies":[{"embeddable":true,"href":"https:\/\/pulsar-deluxe.de\/index.php?rest_route=%2Fwp%2Fv2%2Fcomments&post=1944"}],"version-history":[{"count":6,"href":"https:\/\/pulsar-deluxe.de\/index.php?rest_route=\/wp\/v2\/product\/1944\/revisions"}],"predecessor-version":[{"id":3838,"href":"https:\/\/pulsar-deluxe.de\/index.php?rest_route=\/wp\/v2\/product\/1944\/revisions\/3838"}],"wp:featuredmedia":[{"embeddable":true,"href":"https:\/\/pulsar-deluxe.de\/index.php?rest_route=\/wp\/v2\/media\/3163"}],"wp:attachment":[{"href":"https:\/\/pulsar-deluxe.de\/index.php?rest_route=%2Fwp%2Fv2%2Fmedia&parent=1944"}],"wp:term":[{"taxonomy":"product_brand","embeddable":true,"href":"https:\/\/pulsar-deluxe.de\/index.php?rest_route=%2Fwp%2Fv2%2Fproduct_brand&post=1944"},{"taxonomy":"product_cat","embeddable":true,"href":"https:\/\/pulsar-deluxe.de\/index.php?rest_route=%2Fwp%2Fv2%2Fproduct_cat&post=1944"},{"taxonomy":"product_tag","embeddable":true,"href":"https:\/\/pulsar-deluxe.de\/index.php?rest_route=%2Fwp%2Fv2%2Fproduct_tag&post=1944"}],"curies":[{"name":"wp","href":"https:\/\/api.w.org\/{rel}","templated":true}]}}