{"id":1946,"date":"2024-01-09T10:53:25","date_gmt":"2024-01-09T07:53:25","guid":{"rendered":"https:\/\/pulsar-deluxe.de\/?product=internet-internet-dose-inkl-glasrahmen-2"},"modified":"2025-04-14T13:35:47","modified_gmt":"2025-04-14T11:35:47","slug":"internet-internet-dose-inkl-glasrahmen-2","status":"publish","type":"product","link":"https:\/\/pulsar-deluxe.de\/?product=internet-internet-dose-inkl-glasrahmen-2","title":{"rendered":"Internet\/Internet Anschluss Dose Unterputz 1-Fach mit Glasrahmen"},"content":{"rendered":"<p>Internet Anschluss Dose mit Glasrahmen<\/p>\n<p><strong>Praktisch<\/strong> &#8211; CAT 5e Netzwerkdose Unterputz, 2x RJ45 Port vollgeschirmt, Anschluss: 1x RJ45 8P8C, T568A\/B inklusive Rahmen aus geh\u00e4rtetem Glas<\/p>\n<p><strong>Qualit\u00e4t und Zuverl\u00e4ssigkeit<\/strong> &#8211; Die Steckdose ist aus hochwertigen Materialien gefertigt: Glas, Metall, feuerfester Kunststoff. Sie k\u00f6nnen sicher sein, dass unsere Steckdosen mit Glasrahmen Ihnen viele Jahre lang dienen werden.<\/p>\n<p><strong>Einfach zu bedienen<\/strong> &#8211; Unsere Internet Steckdosen sind schnell und einfach zu installieren. Die Netzwerkdose geeignet f\u00fcr Standard-Unterputzdose DE 60 mm. Die Steckdose kann sowohl senkrecht als auch waagerecht montiert werden.<\/p>\n<p><strong>Design<\/strong> &#8211; Unsere Netzwerk Dose ist eine Kombination aus \u00c4sthetik, Funktionalit\u00e4t und Sicherheit. Ihr elegantes Design macht sie zu einer attraktiven L\u00f6sung f\u00fcr jedes Interieur.<\/p>\n","protected":false},"excerpt":{"rendered":"<p>Internet Anschluss Dose mit Glasrahmen Praktisch &#8211; CAT 5e Netzwerkdose Unterputz, 2x RJ45 Port vollgeschirmt, Anschluss: 1x RJ45 8P8C, T568A\/B<\/p>\n","protected":false},"featured_media":2584,"comment_status":"open","ping_status":"closed","template":"","meta":{"om_disable_all_campaigns":false,"_monsterinsights_skip_tracking":false,"_monsterinsights_sitenote_active":false,"_monsterinsights_sitenote_note":"","_monsterinsights_sitenote_category":0},"product_brand":[],"product_cat":[129,131,87],"product_tag":[171],"class_list":{"0":"post-1946","1":"product","2":"type-product","3":"status-publish","4":"has-post-thumbnail","6":"product_cat-internet-dose","7":"product_cat-internet-internet-dose","8":"product_cat-netzwerkdosen","9":"product_tag-dsl-dose","10":"pa_color-grau","11":"pa_color-schwarz","12":"pa_color-weis","14":"first","15":"instock","16":"shipping-taxable","17":"purchasable","18":"product-type-variable","19":"has-default-attributes","20":"wvs-archive-product-wrapper"},"aioseo_notices":[],"_links":{"self":[{"href":"https:\/\/pulsar-deluxe.de\/index.php?rest_route=\/wp\/v2\/product\/1946","targetHints":{"allow":["GET"]}}],"collection":[{"href":"https:\/\/pulsar-deluxe.de\/index.php?rest_route=\/wp\/v2\/product"}],"about":[{"href":"https:\/\/pulsar-deluxe.de\/index.php?rest_route=\/wp\/v2\/types\/product"}],"replies":[{"embeddable":true,"href":"https:\/\/pulsar-deluxe.de\/index.php?rest_route=%2Fwp%2Fv2%2Fcomments&post=1946"}],"version-history":[{"count":7,"href":"https:\/\/pulsar-deluxe.de\/index.php?rest_route=\/wp\/v2\/product\/1946\/revisions"}],"predecessor-version":[{"id":5387,"href":"https:\/\/pulsar-deluxe.de\/index.php?rest_route=\/wp\/v2\/product\/1946\/revisions\/5387"}],"wp:featuredmedia":[{"embeddable":true,"href":"https:\/\/pulsar-deluxe.de\/index.php?rest_route=\/wp\/v2\/media\/2584"}],"wp:attachment":[{"href":"https:\/\/pulsar-deluxe.de\/index.php?rest_route=%2Fwp%2Fv2%2Fmedia&parent=1946"}],"wp:term":[{"taxonomy":"product_brand","embeddable":true,"href":"https:\/\/pulsar-deluxe.de\/index.php?rest_route=%2Fwp%2Fv2%2Fproduct_brand&post=1946"},{"taxonomy":"product_cat","embeddable":true,"href":"https:\/\/pulsar-deluxe.de\/index.php?rest_route=%2Fwp%2Fv2%2Fproduct_cat&post=1946"},{"taxonomy":"product_tag","embeddable":true,"href":"https:\/\/pulsar-deluxe.de\/index.php?rest_route=%2Fwp%2Fv2%2Fproduct_tag&post=1946"}],"curies":[{"name":"wp","href":"https:\/\/api.w.org\/{rel}","templated":true}]}}