{"id":1947,"date":"2024-01-09T10:53:25","date_gmt":"2024-01-09T07:53:25","guid":{"rendered":"https:\/\/pulsar-deluxe.de\/?product=sat-internet-steckdose-steckdose-inkl-glasrahmen"},"modified":"2025-04-14T13:35:47","modified_gmt":"2025-04-14T11:35:47","slug":"sat-internet-steckdose-steckdose-inkl-glasrahmen","status":"publish","type":"product","link":"https:\/\/pulsar-deluxe.de\/?product=sat-internet-steckdose-steckdose-inkl-glasrahmen","title":{"rendered":"SAT Dose\/Internet Dose\/Steckdose x2 3-Fach Glas"},"content":{"rendered":"<p>Komplett Set SAT Anschlu\u00dfdose und Internet Dose RJ45 Port\/8P8C Buchse aus Glas ist eine stilvolle, moderne und praktische L\u00f6sung, die zu jeder Inneneinrichtung passt.<\/p>\n<p><strong>Qualit\u00e4t und Zuverl\u00e4ssigkeit<\/strong> &#8211; SAT\/Netzwerkdose Dose ist aus geh\u00e4rtetem Glas und feuerfestem Kunststoff gefertigt, ist Sto\u00df- und Kratzfest und extrem Pflegeleicht. Das Erscheinungsbild der Multimediadose bleibt jahrelang hervorragend.<\/p>\n<p><strong>Kindersicherung<\/strong> &#8211; Die Steckdose ist mit einer eingebauten Kindersicherung ausgestattet, die ein versehentliches Ber\u00fchren verhindert und ein zus\u00e4tzliches Ma\u00df an Sicherheit bietet.<\/p>\n<p><strong>Einfach zu bedienen<\/strong> &#8211; Unsere SAT\/Internet Dosen sind schnell und einfach zu installieren. Die Steckdosen sind mit einer Standard 60mm Steckdose kompatibel. Die Netzwerk Dose mit SAT Dose k\u00f6nnen sowohl senkrecht als auch waagerecht montiert werden.<\/p>\n<p><strong>Design<\/strong> &#8211; Unsere Steckdosen sind eine Kombination aus \u00c4sthetik, Funktionalit\u00e4t und Sicherheit. Ihr elegantes Design macht sie zu einer attraktiven L\u00f6sung f\u00fcr jedes Interieur.<\/p>\n","protected":false},"excerpt":{"rendered":"<p>Komplett Set SAT Anschlu\u00dfdose und Internet Dose RJ45 Port\/8P8C Buchse aus Glas ist eine stilvolle, moderne und praktische L\u00f6sung, die<\/p>\n","protected":false},"featured_media":2617,"comment_status":"open","ping_status":"closed","template":"","meta":{"om_disable_all_campaigns":false,"_monsterinsights_skip_tracking":false,"_monsterinsights_sitenote_active":false,"_monsterinsights_sitenote_note":"","_monsterinsights_sitenote_category":0},"product_brand":[],"product_cat":[129,87,132],"product_tag":[171,169],"class_list":{"0":"post-1947","1":"product","2":"type-product","3":"status-publish","4":"has-post-thumbnail","6":"product_cat-internet-dose","7":"product_cat-netzwerkdosen","8":"product_cat-sat-internet-dose","9":"product_tag-dsl-dose","10":"product_tag-tv-dose","11":"pa_color-grau","12":"pa_color-schwarz","13":"pa_color-weis","15":"first","16":"instock","17":"shipping-taxable","18":"purchasable","19":"product-type-variable","20":"has-default-attributes","21":"wvs-archive-product-wrapper"},"aioseo_notices":[],"_links":{"self":[{"href":"https:\/\/pulsar-deluxe.de\/index.php?rest_route=\/wp\/v2\/product\/1947","targetHints":{"allow":["GET"]}}],"collection":[{"href":"https:\/\/pulsar-deluxe.de\/index.php?rest_route=\/wp\/v2\/product"}],"about":[{"href":"https:\/\/pulsar-deluxe.de\/index.php?rest_route=\/wp\/v2\/types\/product"}],"replies":[{"embeddable":true,"href":"https:\/\/pulsar-deluxe.de\/index.php?rest_route=%2Fwp%2Fv2%2Fcomments&post=1947"}],"version-history":[{"count":7,"href":"https:\/\/pulsar-deluxe.de\/index.php?rest_route=\/wp\/v2\/product\/1947\/revisions"}],"predecessor-version":[{"id":5407,"href":"https:\/\/pulsar-deluxe.de\/index.php?rest_route=\/wp\/v2\/product\/1947\/revisions\/5407"}],"wp:featuredmedia":[{"embeddable":true,"href":"https:\/\/pulsar-deluxe.de\/index.php?rest_route=\/wp\/v2\/media\/2617"}],"wp:attachment":[{"href":"https:\/\/pulsar-deluxe.de\/index.php?rest_route=%2Fwp%2Fv2%2Fmedia&parent=1947"}],"wp:term":[{"taxonomy":"product_brand","embeddable":true,"href":"https:\/\/pulsar-deluxe.de\/index.php?rest_route=%2Fwp%2Fv2%2Fproduct_brand&post=1947"},{"taxonomy":"product_cat","embeddable":true,"href":"https:\/\/pulsar-deluxe.de\/index.php?rest_route=%2Fwp%2Fv2%2Fproduct_cat&post=1947"},{"taxonomy":"product_tag","embeddable":true,"href":"https:\/\/pulsar-deluxe.de\/index.php?rest_route=%2Fwp%2Fv2%2Fproduct_tag&post=1947"}],"curies":[{"name":"wp","href":"https:\/\/api.w.org\/{rel}","templated":true}]}}