{"id":1957,"date":"2024-01-09T10:53:32","date_gmt":"2024-01-09T07:53:32","guid":{"rendered":"https:\/\/pulsar-deluxe.de\/?product=taster-taster-steckdose-inkl-glasrahmen"},"modified":"2025-04-14T13:35:46","modified_gmt":"2025-04-14T11:35:46","slug":"taster-taster-steckdose-inkl-glasrahmen","status":"publish","type":"product","link":"https:\/\/pulsar-deluxe.de\/?product=taster-taster-steckdose-inkl-glasrahmen","title":{"rendered":"Taster\/Taster\/Steckdose Unterputz 3-Fach Glas"},"content":{"rendered":"<p><strong>Praktisch<\/strong> &#8211; Komplett Set Taster\/Taster\/Steckdose in einem einzigen Glasrahmen bieten Komfort, Funktionalit\u00e4t und Platzersparnis, was sie zu einer attraktiven Option f\u00fcr Heim und B\u00fcro macht.<\/p>\n<p><strong>Kindersicherung<\/strong> &#8211; Die Steckdose ist mit einer eingebauten Kindersicherung ausgestattet, die ein versehentliches Ber\u00fchren verhindert und ein zus\u00e4tzliches Ma\u00df an Sicherheit bietet.<\/p>\n<p><strong>Moderne \u00c4sthetik<\/strong> &#8211; Kombination Taster\/Taster\/Steckdose im Glasrahmen verleiht der Einrichtung Leichtigkeit und Stil und passt perfekt in moderne und minimalistische Interieurs.<\/p>\n<p><strong>Qualit\u00e4t und Zuverl\u00e4ssigkeit<\/strong> &#8211; Komplett Set Taster\/Taster\/Steckdose besteht aus geh\u00e4rtetem Glas und feuerfestem Kunststoff, sind sto\u00df- und kratzfest und sehr leicht zu reinigen. Der Schalter und die Schuko Steckdose behalten ihr attraktives Aussehen f\u00fcr viele Jahre.<\/p>\n","protected":false},"excerpt":{"rendered":"<p>Praktisch &#8211; Komplett Set Taster\/Taster\/Steckdose in einem einzigen Glasrahmen bieten Komfort, Funktionalit\u00e4t und Platzersparnis, was sie zu einer attraktiven Option<\/p>\n","protected":false},"featured_media":2638,"comment_status":"open","ping_status":"closed","template":"","meta":{"om_disable_all_campaigns":false,"_monsterinsights_skip_tracking":false,"_monsterinsights_sitenote_active":false,"_monsterinsights_sitenote_note":"","_monsterinsights_sitenote_category":0},"product_brand":[],"product_cat":[88,134],"product_tag":[175,174],"class_list":{"0":"post-1957","1":"product","2":"type-product","3":"status-publish","4":"has-post-thumbnail","6":"product_cat-taster","7":"product_cat-taster-steckdose","8":"product_tag-steckdose-mit-taster","9":"product_tag-taster","10":"pa_color-grau","11":"pa_color-schwarz","12":"pa_color-weis","14":"first","15":"instock","16":"shipping-taxable","17":"purchasable","18":"product-type-variable","19":"wvs-archive-product-wrapper"},"aioseo_notices":[],"_links":{"self":[{"href":"https:\/\/pulsar-deluxe.de\/index.php?rest_route=\/wp\/v2\/product\/1957","targetHints":{"allow":["GET"]}}],"collection":[{"href":"https:\/\/pulsar-deluxe.de\/index.php?rest_route=\/wp\/v2\/product"}],"about":[{"href":"https:\/\/pulsar-deluxe.de\/index.php?rest_route=\/wp\/v2\/types\/product"}],"replies":[{"embeddable":true,"href":"https:\/\/pulsar-deluxe.de\/index.php?rest_route=%2Fwp%2Fv2%2Fcomments&post=1957"}],"version-history":[{"count":6,"href":"https:\/\/pulsar-deluxe.de\/index.php?rest_route=\/wp\/v2\/product\/1957\/revisions"}],"predecessor-version":[{"id":5522,"href":"https:\/\/pulsar-deluxe.de\/index.php?rest_route=\/wp\/v2\/product\/1957\/revisions\/5522"}],"wp:featuredmedia":[{"embeddable":true,"href":"https:\/\/pulsar-deluxe.de\/index.php?rest_route=\/wp\/v2\/media\/2638"}],"wp:attachment":[{"href":"https:\/\/pulsar-deluxe.de\/index.php?rest_route=%2Fwp%2Fv2%2Fmedia&parent=1957"}],"wp:term":[{"taxonomy":"product_brand","embeddable":true,"href":"https:\/\/pulsar-deluxe.de\/index.php?rest_route=%2Fwp%2Fv2%2Fproduct_brand&post=1957"},{"taxonomy":"product_cat","embeddable":true,"href":"https:\/\/pulsar-deluxe.de\/index.php?rest_route=%2Fwp%2Fv2%2Fproduct_cat&post=1957"},{"taxonomy":"product_tag","embeddable":true,"href":"https:\/\/pulsar-deluxe.de\/index.php?rest_route=%2Fwp%2Fv2%2Fproduct_tag&post=1957"}],"curies":[{"name":"wp","href":"https:\/\/api.w.org\/{rel}","templated":true}]}}