{"id":4381,"date":"2025-03-26T05:15:02","date_gmt":"2025-03-26T04:15:02","guid":{"rendered":"https:\/\/pulsar-deluxe.de\/?post_type=product&#038;p=4381"},"modified":"2025-04-14T13:35:45","modified_gmt":"2025-04-14T11:35:45","slug":"serienschalter-unterputz-1-fach-grau-inkl-glasrahmen","status":"publish","type":"product","link":"https:\/\/pulsar-deluxe.de\/?product=serienschalter-unterputz-1-fach-grau-inkl-glasrahmen","title":{"rendered":"Serienschalter Unterputz 1-Fach Grau inkl. Glasrahmen"},"content":{"rendered":"<p><strong>Hohes Sicherheitsniveau<\/strong> &#8211; Unsere Lichtschalter sind aus geh\u00e4rtetem Glas und feuerfestem Kunststoff mit einem Metallrahmen gefertigt. Lichtschalter Glas gew\u00e4hrleisten durch den Einsatz hochwertiger Materialien eine sichere Nutzung.<\/p>\n<p><strong>Erh\u00f6hte Haltbarkeit<\/strong> &#8211; Unterputzlichtschalter aus geh\u00e4rtetem Glas und feuerfestem Kunststoff sind pflegeleicht und behalten \u00fcber viele Jahre ihr sch\u00f6nes Aussehen. So k\u00f6nnen Sie sicher sein, dass Ihre Wandschalter auch nach vielen Jahren noch sch\u00f6n und ordentlich aussehen.<\/p>\n<p><strong>Progressives Design<\/strong> &#8211; Das Besondere an unseren Lichtschaltern ist ihre F\u00e4higkeit, mit jedem Design zu harmonieren. Ob im Wohnzimmer, in der K\u00fcche oder im B\u00fcro, unser moderner flacher Schalter passt dank seines stilvollen Designs in jede Einrichtung.<\/p>\n","protected":false},"excerpt":{"rendered":"<p>Hohes Sicherheitsniveau &#8211; Unsere Lichtschalter sind aus geh\u00e4rtetem Glas und feuerfestem Kunststoff mit einem Metallrahmen gefertigt. Lichtschalter Glas gew\u00e4hrleisten durch<\/p>\n","protected":false},"featured_media":4620,"comment_status":"open","ping_status":"closed","template":"","meta":{"om_disable_all_campaigns":false,"_monsterinsights_skip_tracking":false,"_monsterinsights_sitenote_active":false,"_monsterinsights_sitenote_note":"","_monsterinsights_sitenote_category":0},"product_brand":[],"product_cat":[77,76],"product_tag":[],"class_list":{"0":"post-4381","1":"product","2":"type-product","3":"status-publish","4":"has-post-thumbnail","6":"product_cat-ein-aus-schalter","7":"product_cat-lichtschalter","8":"pa_color-grau","9":"pa_color-schwarz","10":"pa_color-weis","12":"first","13":"instock","14":"shipping-taxable","15":"purchasable","16":"product-type-variable","17":"wvs-archive-product-wrapper"},"aioseo_notices":[],"_links":{"self":[{"href":"https:\/\/pulsar-deluxe.de\/index.php?rest_route=\/wp\/v2\/product\/4381","targetHints":{"allow":["GET"]}}],"collection":[{"href":"https:\/\/pulsar-deluxe.de\/index.php?rest_route=\/wp\/v2\/product"}],"about":[{"href":"https:\/\/pulsar-deluxe.de\/index.php?rest_route=\/wp\/v2\/types\/product"}],"replies":[{"embeddable":true,"href":"https:\/\/pulsar-deluxe.de\/index.php?rest_route=%2Fwp%2Fv2%2Fcomments&post=4381"}],"version-history":[{"count":3,"href":"https:\/\/pulsar-deluxe.de\/index.php?rest_route=\/wp\/v2\/product\/4381\/revisions"}],"predecessor-version":[{"id":5461,"href":"https:\/\/pulsar-deluxe.de\/index.php?rest_route=\/wp\/v2\/product\/4381\/revisions\/5461"}],"wp:featuredmedia":[{"embeddable":true,"href":"https:\/\/pulsar-deluxe.de\/index.php?rest_route=\/wp\/v2\/media\/4620"}],"wp:attachment":[{"href":"https:\/\/pulsar-deluxe.de\/index.php?rest_route=%2Fwp%2Fv2%2Fmedia&parent=4381"}],"wp:term":[{"taxonomy":"product_brand","embeddable":true,"href":"https:\/\/pulsar-deluxe.de\/index.php?rest_route=%2Fwp%2Fv2%2Fproduct_brand&post=4381"},{"taxonomy":"product_cat","embeddable":true,"href":"https:\/\/pulsar-deluxe.de\/index.php?rest_route=%2Fwp%2Fv2%2Fproduct_cat&post=4381"},{"taxonomy":"product_tag","embeddable":true,"href":"https:\/\/pulsar-deluxe.de\/index.php?rest_route=%2Fwp%2Fv2%2Fproduct_tag&post=4381"}],"curies":[{"name":"wp","href":"https:\/\/api.w.org\/{rel}","templated":true}]}}