{"id":4470,"date":"2025-03-26T19:46:48","date_gmt":"2025-03-26T18:46:48","guid":{"rendered":"https:\/\/pulsar-deluxe.de\/?post_type=product&#038;p=4470"},"modified":"2025-04-14T13:35:08","modified_gmt":"2025-04-14T11:35:08","slug":"ein-aus-schalter-steckdose-unterputz-2-fach-grau-glas-2","status":"publish","type":"product","link":"https:\/\/pulsar-deluxe.de\/?product=ein-aus-schalter-steckdose-unterputz-2-fach-grau-glas-2","title":{"rendered":"Ein-Aus Schalter\/Steckdose Unterputz 2-Fach Grau Glas"},"content":{"rendered":"<p><strong>Lange Lebensdauer<\/strong> &#8211; Die Lichtschalter mit Steckdosen sind aus geh\u00e4rtetem Glas und feuerfestem Kunststoff gefertigt, sind Sto\u00df- und Kratzfest und extrem Pflegeleicht. Das Erscheinungsbild der Schalter mit Steckdosen bleibt \u00fcber viele Jahre hinweg hervorragend.<\/p>\n<p><strong>Modernes Design<\/strong> &#8211; Der Lichtschalter mit Steckdose ist eine stilvolle und praktische L\u00f6sung, die zu jeder Inneneinrichtung passt. Der Unterputzlichtschalter mit Steckdose ist f\u00fcr die Installation in Wohn- und Schlafzimmer, K\u00fcche und B\u00fcro geeignet.<\/p>\n<p><strong>Hohes Sicherheitsniveau<\/strong> &#8211; Unsere Lichtschalter und Steckdosen sind aus geh\u00e4rtetem Glas und feuerfestem Kunststoff mit einem Metallrahmen gefertigt. Lichtschalter \/ Steckdosen Glas gew\u00e4hrleisten durch den Einsatz hochwertiger Materialien eine sichere Nutzung<\/p>\n","protected":false},"excerpt":{"rendered":"<p>Lange Lebensdauer &#8211; Die Lichtschalter mit Steckdosen sind aus geh\u00e4rtetem Glas und feuerfestem Kunststoff gefertigt, sind Sto\u00df- und Kratzfest und<\/p>\n","protected":false},"featured_media":0,"comment_status":"open","ping_status":"closed","template":"","meta":{"om_disable_all_campaigns":false,"_monsterinsights_skip_tracking":false,"_monsterinsights_sitenote_active":false,"_monsterinsights_sitenote_note":"","_monsterinsights_sitenote_category":0},"product_brand":[],"product_cat":[205,119],"product_tag":[],"class_list":{"0":"post-4470","1":"product","2":"type-product","3":"status-publish","5":"product_cat-kontrollschalter-lichtschalter-mit-steckdosen","6":"product_cat-lichtschalter-mit-steckdosen","7":"pa_color-grau","9":"first","10":"instock","11":"shipping-taxable","12":"purchasable","13":"product-type-simple"},"aioseo_notices":[],"_links":{"self":[{"href":"https:\/\/pulsar-deluxe.de\/index.php?rest_route=\/wp\/v2\/product\/4470","targetHints":{"allow":["GET"]}}],"collection":[{"href":"https:\/\/pulsar-deluxe.de\/index.php?rest_route=\/wp\/v2\/product"}],"about":[{"href":"https:\/\/pulsar-deluxe.de\/index.php?rest_route=\/wp\/v2\/types\/product"}],"replies":[{"embeddable":true,"href":"https:\/\/pulsar-deluxe.de\/index.php?rest_route=%2Fwp%2Fv2%2Fcomments&post=4470"}],"version-history":[{"count":4,"href":"https:\/\/pulsar-deluxe.de\/index.php?rest_route=\/wp\/v2\/product\/4470\/revisions"}],"predecessor-version":[{"id":4474,"href":"https:\/\/pulsar-deluxe.de\/index.php?rest_route=\/wp\/v2\/product\/4470\/revisions\/4474"}],"wp:attachment":[{"href":"https:\/\/pulsar-deluxe.de\/index.php?rest_route=%2Fwp%2Fv2%2Fmedia&parent=4470"}],"wp:term":[{"taxonomy":"product_brand","embeddable":true,"href":"https:\/\/pulsar-deluxe.de\/index.php?rest_route=%2Fwp%2Fv2%2Fproduct_brand&post=4470"},{"taxonomy":"product_cat","embeddable":true,"href":"https:\/\/pulsar-deluxe.de\/index.php?rest_route=%2Fwp%2Fv2%2Fproduct_cat&post=4470"},{"taxonomy":"product_tag","embeddable":true,"href":"https:\/\/pulsar-deluxe.de\/index.php?rest_route=%2Fwp%2Fv2%2Fproduct_tag&post=4470"}],"curies":[{"name":"wp","href":"https:\/\/api.w.org\/{rel}","templated":true}]}}