{"id":4487,"date":"2025-03-26T20:34:06","date_gmt":"2025-03-26T19:34:06","guid":{"rendered":"https:\/\/pulsar-deluxe.de\/?post_type=product&#038;p=4487"},"modified":"2025-04-14T13:35:08","modified_gmt":"2025-04-14T11:35:08","slug":"rollladenschalter-steckdose-steckdose-unterputz-3-fach-grau-inkl-glasrahmen-2","status":"publish","type":"product","link":"https:\/\/pulsar-deluxe.de\/?product=rollladenschalter-steckdose-steckdose-unterputz-3-fach-grau-inkl-glasrahmen-2","title":{"rendered":"Rollladenschalter\/Steckdose\/Steckdose Unterputz 3-Fach Grau inkl. Glasrahmen"},"content":{"rendered":"<p><strong>Hohe Funktionalit\u00e4t<\/strong> &#8211; Rollos oder Rolll\u00e4den k\u00f6nnen mit diesem Jalousietaster einfach gesteuert werden. Der Einbau eines Markisenschalters mit Steckdosen sorgt f\u00fcr ein \u00e4sthetisches Erscheinungsbild und zus\u00e4tzlichen Komfort.<\/p>\n<p><strong>Modernes Design<\/strong> &#8211; Der Rollladenschalter mit Glasrahmen ist eine stilvolle, moderne und praktische L\u00f6sung, die zu jeder Inneneinrichtung passt. Der Schalter ist f\u00fcr die Installation in Wohn- und Schlafzimmer, K\u00fcche, Bad und B\u00fcro geeignet.<\/p>\n<p><strong>Lange Lebensdauer<\/strong> &#8211; Der Rolloschalter mit Steckdosen ist aus geh\u00e4rtetem Glas und feuerfestem Kunststoff gefertigt, ist Sto\u00df- und Kratzfest und extrem Pflegeleicht. Das Erscheinungsbild der Schalter bleibt jahrelang hervorragend.<\/p>\n","protected":false},"excerpt":{"rendered":"<p>Hohe Funktionalit\u00e4t &#8211; Rollos oder Rolll\u00e4den k\u00f6nnen mit diesem Jalousietaster einfach gesteuert werden. Der Einbau eines Markisenschalters mit Steckdosen sorgt<\/p>\n","protected":false},"featured_media":4637,"comment_status":"open","ping_status":"closed","template":"","meta":{"om_disable_all_campaigns":false,"_monsterinsights_skip_tracking":false,"_monsterinsights_sitenote_active":false,"_monsterinsights_sitenote_note":"","_monsterinsights_sitenote_category":0},"product_brand":[],"product_cat":[119,126],"product_tag":[],"class_list":{"0":"post-4487","1":"product","2":"type-product","3":"status-publish","4":"has-post-thumbnail","6":"product_cat-lichtschalter-mit-steckdosen","7":"product_cat-rollladenschalter-steckdose","8":"pa_color-grau","10":"first","11":"instock","12":"shipping-taxable","13":"purchasable","14":"product-type-simple"},"aioseo_notices":[],"_links":{"self":[{"href":"https:\/\/pulsar-deluxe.de\/index.php?rest_route=\/wp\/v2\/product\/4487","targetHints":{"allow":["GET"]}}],"collection":[{"href":"https:\/\/pulsar-deluxe.de\/index.php?rest_route=\/wp\/v2\/product"}],"about":[{"href":"https:\/\/pulsar-deluxe.de\/index.php?rest_route=\/wp\/v2\/types\/product"}],"replies":[{"embeddable":true,"href":"https:\/\/pulsar-deluxe.de\/index.php?rest_route=%2Fwp%2Fv2%2Fcomments&post=4487"}],"version-history":[{"count":2,"href":"https:\/\/pulsar-deluxe.de\/index.php?rest_route=\/wp\/v2\/product\/4487\/revisions"}],"predecessor-version":[{"id":4489,"href":"https:\/\/pulsar-deluxe.de\/index.php?rest_route=\/wp\/v2\/product\/4487\/revisions\/4489"}],"wp:featuredmedia":[{"embeddable":true,"href":"https:\/\/pulsar-deluxe.de\/index.php?rest_route=\/wp\/v2\/media\/4637"}],"wp:attachment":[{"href":"https:\/\/pulsar-deluxe.de\/index.php?rest_route=%2Fwp%2Fv2%2Fmedia&parent=4487"}],"wp:term":[{"taxonomy":"product_brand","embeddable":true,"href":"https:\/\/pulsar-deluxe.de\/index.php?rest_route=%2Fwp%2Fv2%2Fproduct_brand&post=4487"},{"taxonomy":"product_cat","embeddable":true,"href":"https:\/\/pulsar-deluxe.de\/index.php?rest_route=%2Fwp%2Fv2%2Fproduct_cat&post=4487"},{"taxonomy":"product_tag","embeddable":true,"href":"https:\/\/pulsar-deluxe.de\/index.php?rest_route=%2Fwp%2Fv2%2Fproduct_tag&post=4487"}],"curies":[{"name":"wp","href":"https:\/\/api.w.org\/{rel}","templated":true}]}}